{"id":34839,"date":"2021-09-22T10:40:30","date_gmt":"2021-09-22T08:40:30","guid":{"rendered":"https:\/\/sportlifeone.ch\/?page_id=34839"},"modified":"2024-06-28T15:42:09","modified_gmt":"2024-06-28T13:42:09","slug":"raphael-diaz","status":"publish","type":"page","link":"https:\/\/sportlifeone.ch\/it\/raphael-diaz\/","title":{"rendered":"Raphael Diaz"},"content":{"rendered":"<div class=\"wpb-content-wrapper\"><p>[vc_row][vc_column width=&#8221;1\/3&#8243;][vc_single_image image=&#8221;34870&#8243; img_size=&#8221;large&#8221;][\/vc_column][vc_column width=&#8221;1\/3&#8243;][vc_column_text]nato il 9 gennaio 1986<br \/>\nSposato, un figlio<br \/>\nCapitano della nazionale svizzera di hockey su ghiaccio, medaglia d&#8217;argento ai mondiali 2013\/2018<br \/>\n213 giochi NHL per i Montreal Canadians, Vancouver Canucks, New York Rangers e Calgary Flames<br \/>\nCampione svizzero con EV Zug 2021<\/p>\n<p>\u00c8 l&#8217;affidabilit\u00e0 in persona ed \u00e8 considerato uno dei migliori giocatori di hockey su ghiaccio svizzeri degli ultimi due decenni. Raphael Diaz ha imparato le sue abilit\u00e0 con l&#8217;EVZ, dove ha giocato nella Lega Nazionale A per un totale di 12 anni. I suoi anni pi\u00f9 emozionanti come giocatore sono stati con quattro diversi club della National Hockey League. Dall&#8217;estate del 2021 \u00e8 al Gott\u00e9ron, dove ha firmato un altro contratto di quattro anni.[\/vc_column_text][\/vc_column][vc_column width=&#8221;1\/3&#8243;][vc_single_image image=&#8221;34891&#8243; img_size=&#8221;large&#8221;][\/vc_column][\/vc_row][vc_row][vc_column width=&#8221;1\/3&#8243;][vc_empty_space height=&#8221;50px&#8221;][\/vc_column][vc_column width=&#8221;1\/3&#8243;][\/vc_column][vc_column width=&#8221;1\/3&#8243;][vc_empty_space height=&#8221;50px&#8221;][\/vc_column][\/vc_row]<\/p>\n<\/div>","protected":false},"excerpt":{"rendered":"<p>[vc_row][vc_column width=&#8221;1\/3&#8243;][vc_single_image image=&#8221;34870&#8243; img_size=&#8221;large&#8221;][\/vc_column][vc_column width=&#8221;1\/3&#8243;][vc_column_text]nato il 9 gennaio 1986 Sposato, un figlio Capitano della nazionale svizzera di hockey su ghiaccio,&#8230;<\/p>\n","protected":false},"author":6,"featured_media":0,"parent":0,"menu_order":0,"comment_status":"closed","ping_status":"closed","template":"","meta":{"content-type":"","footnotes":""},"class_list":["post-34839","page","type-page","status-publish"],"yoast_head":"<!-- This site is optimized with the Yoast SEO plugin v27.4 - https:\/\/yoast.com\/product\/yoast-seo-wordpress\/ -->\n<title>Raphael Diaz | sportlifeone<\/title>\n<meta name=\"description\" content=\"sportlifeone ist eine exklusive Schweizer Sport-Community, die sich von unabh\u00e4ngigen Experten in Themen wie Verm\u00f6gensanlagen, Versicherungen, Steuern, Marketing, Kommunikation, Mediencoaching und Karriereplanung mit individuellen L\u00f6sungen beraten und unterst\u00fctzen l\u00e4sst.\" \/>\n<meta name=\"robots\" content=\"index, follow, max-snippet:-1, max-image-preview:large, max-video-preview:-1\" \/>\n<link rel=\"canonical\" href=\"https:\/\/sportlifeone.ch\/it\/raphael-diaz\/\" \/>\n<meta property=\"og:locale\" content=\"it_IT\" \/>\n<meta property=\"og:type\" content=\"article\" \/>\n<meta property=\"og:title\" content=\"Raphael Diaz | sportlifeone\" \/>\n<meta property=\"og:description\" content=\"sportlifeone ist eine exklusive Schweizer Sport-Community, die sich von unabh\u00e4ngigen Experten in Themen wie Verm\u00f6gensanlagen, Versicherungen, Steuern, Marketing, Kommunikation, Mediencoaching und Karriereplanung mit individuellen L\u00f6sungen beraten und unterst\u00fctzen l\u00e4sst.\" \/>\n<meta property=\"og:url\" content=\"https:\/\/sportlifeone.ch\/it\/raphael-diaz\/\" \/>\n<meta property=\"og:site_name\" content=\"sportlifeone\" \/>\n<meta property=\"article:publisher\" content=\"https:\/\/www.facebook.com\/sportlifeone\" \/>\n<meta property=\"article:modified_time\" content=\"2024-06-28T13:42:09+00:00\" \/>\n<meta property=\"og:image\" content=\"https:\/\/sportlifeone.ch\/wp-content\/uploads\/2020\/04\/Titelbild_Social_Media.jpg\" \/>\n\t<meta property=\"og:image:width\" content=\"1756\" \/>\n\t<meta property=\"og:image:height\" content=\"1217\" \/>\n\t<meta property=\"og:image:type\" content=\"image\/jpeg\" \/>\n<meta name=\"twitter:card\" content=\"summary_large_image\" \/>\n<meta name=\"twitter:site\" content=\"@sportlifeone\" \/>\n<meta name=\"twitter:label1\" content=\"Tempo di lettura stimato\" \/>\n\t<meta name=\"twitter:data1\" content=\"2 minuti\" \/>\n<script type=\"application\/ld+json\" class=\"yoast-schema-graph\">{\"@context\":\"https:\\\/\\\/schema.org\",\"@graph\":[{\"@type\":\"WebPage\",\"@id\":\"https:\\\/\\\/sportlifeone.ch\\\/it\\\/raphael-diaz\\\/\",\"url\":\"https:\\\/\\\/sportlifeone.ch\\\/it\\\/raphael-diaz\\\/\",\"name\":\"Raphael Diaz | sportlifeone\",\"isPartOf\":{\"@id\":\"https:\\\/\\\/sportlifeone.ch\\\/it\\\/#website\"},\"datePublished\":\"2021-09-22T08:40:30+00:00\",\"dateModified\":\"2024-06-28T13:42:09+00:00\",\"description\":\"sportlifeone ist eine exklusive Schweizer Sport-Community, die sich von unabh\u00e4ngigen Experten in Themen wie Verm\u00f6gensanlagen, Versicherungen, Steuern, Marketing, Kommunikation, Mediencoaching und Karriereplanung mit individuellen L\u00f6sungen beraten und unterst\u00fctzen l\u00e4sst.\",\"breadcrumb\":{\"@id\":\"https:\\\/\\\/sportlifeone.ch\\\/it\\\/raphael-diaz\\\/#breadcrumb\"},\"inLanguage\":\"it-IT\",\"potentialAction\":[{\"@type\":\"ReadAction\",\"target\":[\"https:\\\/\\\/sportlifeone.ch\\\/it\\\/raphael-diaz\\\/\"]}]},{\"@type\":\"BreadcrumbList\",\"@id\":\"https:\\\/\\\/sportlifeone.ch\\\/it\\\/raphael-diaz\\\/#breadcrumb\",\"itemListElement\":[{\"@type\":\"ListItem\",\"position\":1,\"name\":\"Startseite\",\"item\":\"https:\\\/\\\/sportlifeone.ch\\\/it\\\/?lang=it\"},{\"@type\":\"ListItem\",\"position\":2,\"name\":\"Raphael Diaz\"}]},{\"@type\":\"WebSite\",\"@id\":\"https:\\\/\\\/sportlifeone.ch\\\/it\\\/#website\",\"url\":\"https:\\\/\\\/sportlifeone.ch\\\/it\\\/\",\"name\":\"sportlifeone\",\"description\":\"Ihre Sicherheit w\u00e4hrend und nach der Karriere\",\"publisher\":{\"@id\":\"https:\\\/\\\/sportlifeone.ch\\\/it\\\/#organization\"},\"potentialAction\":[{\"@type\":\"SearchAction\",\"target\":{\"@type\":\"EntryPoint\",\"urlTemplate\":\"https:\\\/\\\/sportlifeone.ch\\\/it\\\/?s={search_term_string}\"},\"query-input\":{\"@type\":\"PropertyValueSpecification\",\"valueRequired\":true,\"valueName\":\"search_term_string\"}}],\"inLanguage\":\"it-IT\"},{\"@type\":\"Organization\",\"@id\":\"https:\\\/\\\/sportlifeone.ch\\\/it\\\/#organization\",\"name\":\"sportlifeone\",\"url\":\"https:\\\/\\\/sportlifeone.ch\\\/it\\\/\",\"logo\":{\"@type\":\"ImageObject\",\"inLanguage\":\"it-IT\",\"@id\":\"https:\\\/\\\/sportlifeone.ch\\\/it\\\/#\\\/schema\\\/logo\\\/image\\\/\",\"url\":\"https:\\\/\\\/sportlifeone.ch\\\/wp-content\\\/uploads\\\/2020\\\/04\\\/sportlifeone_Logo_Zeichenfl\u00e4che-1.jpg\",\"contentUrl\":\"https:\\\/\\\/sportlifeone.ch\\\/wp-content\\\/uploads\\\/2020\\\/04\\\/sportlifeone_Logo_Zeichenfl\u00e4che-1.jpg\",\"width\":834,\"height\":834,\"caption\":\"sportlifeone\"},\"image\":{\"@id\":\"https:\\\/\\\/sportlifeone.ch\\\/it\\\/#\\\/schema\\\/logo\\\/image\\\/\"},\"sameAs\":[\"https:\\\/\\\/www.facebook.com\\\/sportlifeone\",\"https:\\\/\\\/x.com\\\/sportlifeone\",\"https:\\\/\\\/www.instagram.com\\\/sportlifeone_ch\\\/\",\"https:\\\/\\\/www.linkedin.com\\\/company\\\/sportlifeone\\\/\",\"https:\\\/\\\/www.youtube.com\\\/channel\\\/UCA6jwmqd06s7ydz8VnjndlQ\\\/?guided_help_flow=5\"]}]}<\/script>\n<!-- \/ Yoast SEO plugin. -->","yoast_head_json":{"title":"Raphael Diaz | sportlifeone","description":"sportlifeone ist eine exklusive Schweizer Sport-Community, die sich von unabh\u00e4ngigen Experten in Themen wie Verm\u00f6gensanlagen, Versicherungen, Steuern, Marketing, Kommunikation, Mediencoaching und Karriereplanung mit individuellen L\u00f6sungen beraten und unterst\u00fctzen l\u00e4sst.","robots":{"index":"index","follow":"follow","max-snippet":"max-snippet:-1","max-image-preview":"max-image-preview:large","max-video-preview":"max-video-preview:-1"},"canonical":"https:\/\/sportlifeone.ch\/it\/raphael-diaz\/","og_locale":"it_IT","og_type":"article","og_title":"Raphael Diaz | sportlifeone","og_description":"sportlifeone ist eine exklusive Schweizer Sport-Community, die sich von unabh\u00e4ngigen Experten in Themen wie Verm\u00f6gensanlagen, Versicherungen, Steuern, Marketing, Kommunikation, Mediencoaching und Karriereplanung mit individuellen L\u00f6sungen beraten und unterst\u00fctzen l\u00e4sst.","og_url":"https:\/\/sportlifeone.ch\/it\/raphael-diaz\/","og_site_name":"sportlifeone","article_publisher":"https:\/\/www.facebook.com\/sportlifeone","article_modified_time":"2024-06-28T13:42:09+00:00","og_image":[{"width":1756,"height":1217,"url":"https:\/\/sportlifeone.ch\/wp-content\/uploads\/2020\/04\/Titelbild_Social_Media.jpg","type":"image\/jpeg"}],"twitter_card":"summary_large_image","twitter_site":"@sportlifeone","twitter_misc":{"Tempo di lettura stimato":"2 minuti"},"schema":{"@context":"https:\/\/schema.org","@graph":[{"@type":"WebPage","@id":"https:\/\/sportlifeone.ch\/it\/raphael-diaz\/","url":"https:\/\/sportlifeone.ch\/it\/raphael-diaz\/","name":"Raphael Diaz | sportlifeone","isPartOf":{"@id":"https:\/\/sportlifeone.ch\/it\/#website"},"datePublished":"2021-09-22T08:40:30+00:00","dateModified":"2024-06-28T13:42:09+00:00","description":"sportlifeone ist eine exklusive Schweizer Sport-Community, die sich von unabh\u00e4ngigen Experten in Themen wie Verm\u00f6gensanlagen, Versicherungen, Steuern, Marketing, Kommunikation, Mediencoaching und Karriereplanung mit individuellen L\u00f6sungen beraten und unterst\u00fctzen l\u00e4sst.","breadcrumb":{"@id":"https:\/\/sportlifeone.ch\/it\/raphael-diaz\/#breadcrumb"},"inLanguage":"it-IT","potentialAction":[{"@type":"ReadAction","target":["https:\/\/sportlifeone.ch\/it\/raphael-diaz\/"]}]},{"@type":"BreadcrumbList","@id":"https:\/\/sportlifeone.ch\/it\/raphael-diaz\/#breadcrumb","itemListElement":[{"@type":"ListItem","position":1,"name":"Startseite","item":"https:\/\/sportlifeone.ch\/it\/?lang=it"},{"@type":"ListItem","position":2,"name":"Raphael Diaz"}]},{"@type":"WebSite","@id":"https:\/\/sportlifeone.ch\/it\/#website","url":"https:\/\/sportlifeone.ch\/it\/","name":"sportlifeone","description":"Ihre Sicherheit w\u00e4hrend und nach der Karriere","publisher":{"@id":"https:\/\/sportlifeone.ch\/it\/#organization"},"potentialAction":[{"@type":"SearchAction","target":{"@type":"EntryPoint","urlTemplate":"https:\/\/sportlifeone.ch\/it\/?s={search_term_string}"},"query-input":{"@type":"PropertyValueSpecification","valueRequired":true,"valueName":"search_term_string"}}],"inLanguage":"it-IT"},{"@type":"Organization","@id":"https:\/\/sportlifeone.ch\/it\/#organization","name":"sportlifeone","url":"https:\/\/sportlifeone.ch\/it\/","logo":{"@type":"ImageObject","inLanguage":"it-IT","@id":"https:\/\/sportlifeone.ch\/it\/#\/schema\/logo\/image\/","url":"https:\/\/sportlifeone.ch\/wp-content\/uploads\/2020\/04\/sportlifeone_Logo_Zeichenfl\u00e4che-1.jpg","contentUrl":"https:\/\/sportlifeone.ch\/wp-content\/uploads\/2020\/04\/sportlifeone_Logo_Zeichenfl\u00e4che-1.jpg","width":834,"height":834,"caption":"sportlifeone"},"image":{"@id":"https:\/\/sportlifeone.ch\/it\/#\/schema\/logo\/image\/"},"sameAs":["https:\/\/www.facebook.com\/sportlifeone","https:\/\/x.com\/sportlifeone","https:\/\/www.instagram.com\/sportlifeone_ch\/","https:\/\/www.linkedin.com\/company\/sportlifeone\/","https:\/\/www.youtube.com\/channel\/UCA6jwmqd06s7ydz8VnjndlQ\/?guided_help_flow=5"]}]}},"_links":{"self":[{"href":"https:\/\/sportlifeone.ch\/it\/wp-json\/wp\/v2\/pages\/34839","targetHints":{"allow":["GET"]}}],"collection":[{"href":"https:\/\/sportlifeone.ch\/it\/wp-json\/wp\/v2\/pages"}],"about":[{"href":"https:\/\/sportlifeone.ch\/it\/wp-json\/wp\/v2\/types\/page"}],"author":[{"embeddable":true,"href":"https:\/\/sportlifeone.ch\/it\/wp-json\/wp\/v2\/users\/6"}],"replies":[{"embeddable":true,"href":"https:\/\/sportlifeone.ch\/it\/wp-json\/wp\/v2\/comments?post=34839"}],"version-history":[{"count":0,"href":"https:\/\/sportlifeone.ch\/it\/wp-json\/wp\/v2\/pages\/34839\/revisions"}],"wp:attachment":[{"href":"https:\/\/sportlifeone.ch\/it\/wp-json\/wp\/v2\/media?parent=34839"}],"curies":[{"name":"wp","href":"https:\/\/api.w.org\/{rel}","templated":true}]}}