{"id":34130,"date":"2021-03-31T14:46:02","date_gmt":"2021-03-31T12:46:02","guid":{"rendered":"https:\/\/sportlifeone.ch\/?page_id=34130"},"modified":"2024-06-28T14:50:33","modified_gmt":"2024-06-28T12:50:33","slug":"il-consiglio-di-amministrazione","status":"publish","type":"page","link":"https:\/\/sportlifeone.ch\/it\/il-consiglio-di-amministrazione\/","title":{"rendered":"Il consiglio di amministrazione"},"content":{"rendered":"<div class=\"wpb-content-wrapper\"><p>[vc_row][vc_column width=&#8221;1\/2&#8243;][vc_single_image image=&#8221;33778&#8243; img_size=&#8221;full&#8221;][\/vc_column][vc_column width=&#8221;1\/2&#8243;][vc_column_text]Il consiglio di amministrazione \u00e8 formato da quattro membri ed \u00e8 responsabile della gestione strategica di Sportlifeone AG. Roger Bigger \u00e8 presidente del consiglio di amministrazione, J\u00fcrg Altorfer e Pascal Scheiwiller sono membri e Claudio Bertenghi \u00e8 vicepresidente.<\/p>\n<p>Roger Bigger (50) ha fondato la sua prima azienda nel 2003 dopo una carriera come economista aziendale nel settore finanziario. Nell&#8217;ultimo decennio e mezzo, l&#8217;imprenditore proattivo ha sviluppato questo nel gruppo azemos, che \u00e8 specializzato nella gestione patrimoniale, nella pianificazione finanziaria e nel settore immobiliare. L&#8217;ex calciatore dell&#8217;FC Wil 1900 ha assunto presto delle responsabilit\u00e0 nel club e nel campionato. Ha guidato il club attraverso molte fasi turbolente, celebrando la sorprendente vittoria della Coppa nel 2004. Per nove anni \u00e8 stato responsabile delle finanze e membro del comitato della Lega Svizzera di Calcio. Nel frattempo, si \u00e8 dimesso da questi incarichi sportivi e si sta concentrando completamente sui suoi affari.<\/p>\n<p>Claudio Bertenghi ha avuto una carriera come giocatore di hockey su ghiaccio con i Lakers di Rapperswil. Oggi dirige la societ\u00e0 Bertenghi &amp; Partner AG a Zurigo, che offre consulenza nel settore assicurativo a piu\u2019 di 300 aziende. Insieme alla Pro Sports Protection Association, ha creato all\u2019interno della sua azienda un\u2019offerta dedicata agli atleti professionisti, integrata ora anche in sportlifeone.<\/p>\n<p>J\u00fcrg Altorfer era nella squadra nazionale dei pentatleti militari. Le qualit\u00e0 richieste in quel contesto lo hanno aiutato anche nella carriera come esperto fiscale. \u00c8 uno dei cinque partner della ADB Altorfer Duss &amp; Beilstein AG. J\u00fcrg ha ampliato il suo bagaglio di esperienze come membro del consiglio di amministrazione di diverse organizzazioni. In sportlifeone pu\u00f2 vivere la sua passione per lo sport in modo professionale.<\/p>\n<p>Per Pascal Scheiwiller, lo sport \u00e8 un hobby, \u00e8 equilibrio. Le sue passioni sono gli aerei da diporto e le barche a vela. Nato nella Svizzera orientale, da sette anni \u00e8 CEO di von Rundstedt, societ\u00e0 leader nel mercato svizzero per il newplacement e la consulenza di carriera. Pascal e il suo team hanno ottimi contatti nel mondo del lavoro, questo \u00e8 un importante vantaggio per i membri di sportlifeone che vogliono costruire la loro seconda carriera professionale.[\/vc_column_text][\/vc_column][\/vc_row]<\/p>\n<\/div>","protected":false},"excerpt":{"rendered":"<p>[vc_row][vc_column width=&#8221;1\/2&#8243;][vc_single_image image=&#8221;33778&#8243; img_size=&#8221;full&#8221;][\/vc_column][vc_column width=&#8221;1\/2&#8243;][vc_column_text]Il consiglio di amministrazione \u00e8 formato da quattro membri ed \u00e8 responsabile della gestione strategica di&#8230;<\/p>\n","protected":false},"author":6,"featured_media":0,"parent":0,"menu_order":0,"comment_status":"closed","ping_status":"closed","template":"","meta":{"content-type":"","footnotes":""},"class_list":["post-34130","page","type-page","status-publish"],"yoast_head":"<!-- This site is optimized with the Yoast SEO plugin v27.4 - https:\/\/yoast.com\/product\/yoast-seo-wordpress\/ -->\n<title>Il consiglio di amministrazione | sportlifeone<\/title>\n<meta name=\"description\" content=\"sportlifeone ist eine exklusive Schweizer Sport-Community, die sich von unabh\u00e4ngigen Experten in Themen wie Verm\u00f6gensanlagen, Versicherungen, Steuern, Marketing, Kommunikation, Mediencoaching und Karriereplanung mit individuellen L\u00f6sungen beraten und unterst\u00fctzen l\u00e4sst.\" \/>\n<meta name=\"robots\" content=\"index, follow, max-snippet:-1, max-image-preview:large, max-video-preview:-1\" \/>\n<link rel=\"canonical\" href=\"https:\/\/sportlifeone.ch\/it\/il-consiglio-di-amministrazione\/\" \/>\n<meta property=\"og:locale\" content=\"it_IT\" \/>\n<meta property=\"og:type\" content=\"article\" \/>\n<meta property=\"og:title\" content=\"Il consiglio di amministrazione | sportlifeone\" \/>\n<meta property=\"og:description\" content=\"sportlifeone ist eine exklusive Schweizer Sport-Community, die sich von unabh\u00e4ngigen Experten in Themen wie Verm\u00f6gensanlagen, Versicherungen, Steuern, Marketing, Kommunikation, Mediencoaching und Karriereplanung mit individuellen L\u00f6sungen beraten und unterst\u00fctzen l\u00e4sst.\" \/>\n<meta property=\"og:url\" content=\"https:\/\/sportlifeone.ch\/it\/il-consiglio-di-amministrazione\/\" \/>\n<meta property=\"og:site_name\" content=\"sportlifeone\" \/>\n<meta property=\"article:publisher\" content=\"https:\/\/www.facebook.com\/sportlifeone\" \/>\n<meta property=\"article:modified_time\" content=\"2024-06-28T12:50:33+00:00\" \/>\n<meta property=\"og:image\" content=\"https:\/\/sportlifeone.ch\/wp-content\/uploads\/2020\/04\/Titelbild_Social_Media.jpg\" \/>\n\t<meta property=\"og:image:width\" content=\"1756\" \/>\n\t<meta property=\"og:image:height\" content=\"1217\" \/>\n\t<meta property=\"og:image:type\" content=\"image\/jpeg\" \/>\n<meta name=\"twitter:card\" content=\"summary_large_image\" \/>\n<meta name=\"twitter:site\" content=\"@sportlifeone\" \/>\n<meta name=\"twitter:label1\" content=\"Tempo di lettura stimato\" \/>\n\t<meta name=\"twitter:data1\" content=\"3 minuti\" \/>\n<script type=\"application\/ld+json\" class=\"yoast-schema-graph\">{\"@context\":\"https:\\\/\\\/schema.org\",\"@graph\":[{\"@type\":\"WebPage\",\"@id\":\"https:\\\/\\\/sportlifeone.ch\\\/it\\\/il-consiglio-di-amministrazione\\\/\",\"url\":\"https:\\\/\\\/sportlifeone.ch\\\/it\\\/il-consiglio-di-amministrazione\\\/\",\"name\":\"Il consiglio di amministrazione | sportlifeone\",\"isPartOf\":{\"@id\":\"https:\\\/\\\/sportlifeone.ch\\\/it\\\/#website\"},\"datePublished\":\"2021-03-31T12:46:02+00:00\",\"dateModified\":\"2024-06-28T12:50:33+00:00\",\"description\":\"sportlifeone ist eine exklusive Schweizer Sport-Community, die sich von unabh\u00e4ngigen Experten in Themen wie Verm\u00f6gensanlagen, Versicherungen, Steuern, Marketing, Kommunikation, Mediencoaching und Karriereplanung mit individuellen L\u00f6sungen beraten und unterst\u00fctzen l\u00e4sst.\",\"breadcrumb\":{\"@id\":\"https:\\\/\\\/sportlifeone.ch\\\/it\\\/il-consiglio-di-amministrazione\\\/#breadcrumb\"},\"inLanguage\":\"it-IT\",\"potentialAction\":[{\"@type\":\"ReadAction\",\"target\":[\"https:\\\/\\\/sportlifeone.ch\\\/it\\\/il-consiglio-di-amministrazione\\\/\"]}]},{\"@type\":\"BreadcrumbList\",\"@id\":\"https:\\\/\\\/sportlifeone.ch\\\/it\\\/il-consiglio-di-amministrazione\\\/#breadcrumb\",\"itemListElement\":[{\"@type\":\"ListItem\",\"position\":1,\"name\":\"Startseite\",\"item\":\"https:\\\/\\\/sportlifeone.ch\\\/it\\\/?lang=it\"},{\"@type\":\"ListItem\",\"position\":2,\"name\":\"Il consiglio di amministrazione\"}]},{\"@type\":\"WebSite\",\"@id\":\"https:\\\/\\\/sportlifeone.ch\\\/it\\\/#website\",\"url\":\"https:\\\/\\\/sportlifeone.ch\\\/it\\\/\",\"name\":\"sportlifeone\",\"description\":\"Ihre Sicherheit w\u00e4hrend und nach der Karriere\",\"publisher\":{\"@id\":\"https:\\\/\\\/sportlifeone.ch\\\/it\\\/#organization\"},\"potentialAction\":[{\"@type\":\"SearchAction\",\"target\":{\"@type\":\"EntryPoint\",\"urlTemplate\":\"https:\\\/\\\/sportlifeone.ch\\\/it\\\/?s={search_term_string}\"},\"query-input\":{\"@type\":\"PropertyValueSpecification\",\"valueRequired\":true,\"valueName\":\"search_term_string\"}}],\"inLanguage\":\"it-IT\"},{\"@type\":\"Organization\",\"@id\":\"https:\\\/\\\/sportlifeone.ch\\\/it\\\/#organization\",\"name\":\"sportlifeone\",\"url\":\"https:\\\/\\\/sportlifeone.ch\\\/it\\\/\",\"logo\":{\"@type\":\"ImageObject\",\"inLanguage\":\"it-IT\",\"@id\":\"https:\\\/\\\/sportlifeone.ch\\\/it\\\/#\\\/schema\\\/logo\\\/image\\\/\",\"url\":\"https:\\\/\\\/sportlifeone.ch\\\/wp-content\\\/uploads\\\/2020\\\/04\\\/sportlifeone_Logo_Zeichenfl\u00e4che-1.jpg\",\"contentUrl\":\"https:\\\/\\\/sportlifeone.ch\\\/wp-content\\\/uploads\\\/2020\\\/04\\\/sportlifeone_Logo_Zeichenfl\u00e4che-1.jpg\",\"width\":834,\"height\":834,\"caption\":\"sportlifeone\"},\"image\":{\"@id\":\"https:\\\/\\\/sportlifeone.ch\\\/it\\\/#\\\/schema\\\/logo\\\/image\\\/\"},\"sameAs\":[\"https:\\\/\\\/www.facebook.com\\\/sportlifeone\",\"https:\\\/\\\/x.com\\\/sportlifeone\",\"https:\\\/\\\/www.instagram.com\\\/sportlifeone_ch\\\/\",\"https:\\\/\\\/www.linkedin.com\\\/company\\\/sportlifeone\\\/\",\"https:\\\/\\\/www.youtube.com\\\/channel\\\/UCA6jwmqd06s7ydz8VnjndlQ\\\/?guided_help_flow=5\"]}]}<\/script>\n<!-- \/ Yoast SEO plugin. -->","yoast_head_json":{"title":"Il consiglio di amministrazione | sportlifeone","description":"sportlifeone ist eine exklusive Schweizer Sport-Community, die sich von unabh\u00e4ngigen Experten in Themen wie Verm\u00f6gensanlagen, Versicherungen, Steuern, Marketing, Kommunikation, Mediencoaching und Karriereplanung mit individuellen L\u00f6sungen beraten und unterst\u00fctzen l\u00e4sst.","robots":{"index":"index","follow":"follow","max-snippet":"max-snippet:-1","max-image-preview":"max-image-preview:large","max-video-preview":"max-video-preview:-1"},"canonical":"https:\/\/sportlifeone.ch\/it\/il-consiglio-di-amministrazione\/","og_locale":"it_IT","og_type":"article","og_title":"Il consiglio di amministrazione | sportlifeone","og_description":"sportlifeone ist eine exklusive Schweizer Sport-Community, die sich von unabh\u00e4ngigen Experten in Themen wie Verm\u00f6gensanlagen, Versicherungen, Steuern, Marketing, Kommunikation, Mediencoaching und Karriereplanung mit individuellen L\u00f6sungen beraten und unterst\u00fctzen l\u00e4sst.","og_url":"https:\/\/sportlifeone.ch\/it\/il-consiglio-di-amministrazione\/","og_site_name":"sportlifeone","article_publisher":"https:\/\/www.facebook.com\/sportlifeone","article_modified_time":"2024-06-28T12:50:33+00:00","og_image":[{"width":1756,"height":1217,"url":"https:\/\/sportlifeone.ch\/wp-content\/uploads\/2020\/04\/Titelbild_Social_Media.jpg","type":"image\/jpeg"}],"twitter_card":"summary_large_image","twitter_site":"@sportlifeone","twitter_misc":{"Tempo di lettura stimato":"3 minuti"},"schema":{"@context":"https:\/\/schema.org","@graph":[{"@type":"WebPage","@id":"https:\/\/sportlifeone.ch\/it\/il-consiglio-di-amministrazione\/","url":"https:\/\/sportlifeone.ch\/it\/il-consiglio-di-amministrazione\/","name":"Il consiglio di amministrazione | sportlifeone","isPartOf":{"@id":"https:\/\/sportlifeone.ch\/it\/#website"},"datePublished":"2021-03-31T12:46:02+00:00","dateModified":"2024-06-28T12:50:33+00:00","description":"sportlifeone ist eine exklusive Schweizer Sport-Community, die sich von unabh\u00e4ngigen Experten in Themen wie Verm\u00f6gensanlagen, Versicherungen, Steuern, Marketing, Kommunikation, Mediencoaching und Karriereplanung mit individuellen L\u00f6sungen beraten und unterst\u00fctzen l\u00e4sst.","breadcrumb":{"@id":"https:\/\/sportlifeone.ch\/it\/il-consiglio-di-amministrazione\/#breadcrumb"},"inLanguage":"it-IT","potentialAction":[{"@type":"ReadAction","target":["https:\/\/sportlifeone.ch\/it\/il-consiglio-di-amministrazione\/"]}]},{"@type":"BreadcrumbList","@id":"https:\/\/sportlifeone.ch\/it\/il-consiglio-di-amministrazione\/#breadcrumb","itemListElement":[{"@type":"ListItem","position":1,"name":"Startseite","item":"https:\/\/sportlifeone.ch\/it\/?lang=it"},{"@type":"ListItem","position":2,"name":"Il consiglio di amministrazione"}]},{"@type":"WebSite","@id":"https:\/\/sportlifeone.ch\/it\/#website","url":"https:\/\/sportlifeone.ch\/it\/","name":"sportlifeone","description":"Ihre Sicherheit w\u00e4hrend und nach der Karriere","publisher":{"@id":"https:\/\/sportlifeone.ch\/it\/#organization"},"potentialAction":[{"@type":"SearchAction","target":{"@type":"EntryPoint","urlTemplate":"https:\/\/sportlifeone.ch\/it\/?s={search_term_string}"},"query-input":{"@type":"PropertyValueSpecification","valueRequired":true,"valueName":"search_term_string"}}],"inLanguage":"it-IT"},{"@type":"Organization","@id":"https:\/\/sportlifeone.ch\/it\/#organization","name":"sportlifeone","url":"https:\/\/sportlifeone.ch\/it\/","logo":{"@type":"ImageObject","inLanguage":"it-IT","@id":"https:\/\/sportlifeone.ch\/it\/#\/schema\/logo\/image\/","url":"https:\/\/sportlifeone.ch\/wp-content\/uploads\/2020\/04\/sportlifeone_Logo_Zeichenfl\u00e4che-1.jpg","contentUrl":"https:\/\/sportlifeone.ch\/wp-content\/uploads\/2020\/04\/sportlifeone_Logo_Zeichenfl\u00e4che-1.jpg","width":834,"height":834,"caption":"sportlifeone"},"image":{"@id":"https:\/\/sportlifeone.ch\/it\/#\/schema\/logo\/image\/"},"sameAs":["https:\/\/www.facebook.com\/sportlifeone","https:\/\/x.com\/sportlifeone","https:\/\/www.instagram.com\/sportlifeone_ch\/","https:\/\/www.linkedin.com\/company\/sportlifeone\/","https:\/\/www.youtube.com\/channel\/UCA6jwmqd06s7ydz8VnjndlQ\/?guided_help_flow=5"]}]}},"_links":{"self":[{"href":"https:\/\/sportlifeone.ch\/it\/wp-json\/wp\/v2\/pages\/34130","targetHints":{"allow":["GET"]}}],"collection":[{"href":"https:\/\/sportlifeone.ch\/it\/wp-json\/wp\/v2\/pages"}],"about":[{"href":"https:\/\/sportlifeone.ch\/it\/wp-json\/wp\/v2\/types\/page"}],"author":[{"embeddable":true,"href":"https:\/\/sportlifeone.ch\/it\/wp-json\/wp\/v2\/users\/6"}],"replies":[{"embeddable":true,"href":"https:\/\/sportlifeone.ch\/it\/wp-json\/wp\/v2\/comments?post=34130"}],"version-history":[{"count":0,"href":"https:\/\/sportlifeone.ch\/it\/wp-json\/wp\/v2\/pages\/34130\/revisions"}],"wp:attachment":[{"href":"https:\/\/sportlifeone.ch\/it\/wp-json\/wp\/v2\/media?parent=34130"}],"curies":[{"name":"wp","href":"https:\/\/api.w.org\/{rel}","templated":true}]}}