{"id":36128,"date":"2024-07-02T15:51:18","date_gmt":"2024-07-02T13:51:18","guid":{"rendered":"https:\/\/sportlifeone.ch\/?page_id=36128"},"modified":"2024-07-02T15:54:12","modified_gmt":"2024-07-02T13:54:12","slug":"les-initiateurs","status":"publish","type":"page","link":"https:\/\/sportlifeone.ch\/fr\/les-initiateurs\/","title":{"rendered":"Les initiateurs"},"content":{"rendered":"<div class=\"wpb-content-wrapper\"><p>[vc_row][vc_column width=\u00a0\u00bb1\/2&Prime;][vc_single_image image=\u00a0\u00bb32655&Prime; img_size=\u00a0\u00bbfull\u00a0\u00bb][\/vc_column][vc_column width=\u00a0\u00bb1\/2&Prime;][vc_column_text css=\u00a0\u00bb\u00a0\u00bb]Roger Bigger (\u00e0 gauche) et Martin Zinser se sont rencontr\u00e9s en ao\u00fbt 2016 et ont parl\u00e9 pour la premi\u00e8re fois d&rsquo;id\u00e9es pour la pr\u00e9voyance des sportifs professionnels. Plus de 100 entretiens plus tard &#8211; bien s\u00fbr aussi avec de nombreuses parties prenantes du sport suisse &#8211; cela a donn\u00e9 naissance en mars 2020 \u00e0 sportlifeone AG, pour laquelle d&rsquo;autres partenaires se sont enthousiasm\u00e9s.<br \/>\n\u00ab\u00a0Les personnes pour qui le sport de comp\u00e9tition n&rsquo;est pas seulement une passion, mais aussi un m\u00e9tier, sont au centre de toutes nos r\u00e9flexions\u00a0\u00bb, explique le directeur Martin Zinser.<br \/>\n\u00ab\u00a0Nous sommes heureux d&rsquo;\u00eatre les premiers prestataires du sport suisse \u00e0 pouvoir proposer un ensemble de prestations aussi compact et durable, qui va bien au-del\u00e0 de la fin de carri\u00e8re\u00a0\u00bb, se r\u00e9jouit Roger Bigger, qui pr\u00e9side le conseil d&rsquo;administration.[\/vc_column_text][\/vc_column][\/vc_row]<\/p>\n<\/div>","protected":false},"excerpt":{"rendered":"<p>[vc_row][vc_column width=\u00a0\u00bb1\/2&Prime;][vc_single_image image=\u00a0\u00bb32655&Prime; img_size=\u00a0\u00bbfull\u00a0\u00bb][\/vc_column][vc_column width=\u00a0\u00bb1\/2&Prime;][vc_column_text css=\u00a0\u00bb\u00a0\u00bb]Roger Bigger (\u00e0 gauche) et Martin Zinser se sont rencontr\u00e9s en ao\u00fbt 2016 et ont&#8230;<\/p>\n","protected":false},"author":6,"featured_media":0,"parent":0,"menu_order":0,"comment_status":"closed","ping_status":"closed","template":"","meta":{"content-type":"","footnotes":""},"class_list":["post-36128","page","type-page","status-publish"],"yoast_head":"<!-- This site is optimized with the Yoast SEO plugin v27.4 - https:\/\/yoast.com\/product\/yoast-seo-wordpress\/ -->\n<title>Les initiateurs | sportlifeone<\/title>\n<meta name=\"description\" content=\"sportlifeone ist eine exklusive Schweizer Sport-Community, die sich von unabh\u00e4ngigen Experten in Themen wie Verm\u00f6gensanlagen, Versicherungen, Steuern, Marketing, Kommunikation, Mediencoaching und Karriereplanung mit individuellen L\u00f6sungen beraten und unterst\u00fctzen l\u00e4sst.\" \/>\n<meta name=\"robots\" content=\"index, follow, max-snippet:-1, max-image-preview:large, max-video-preview:-1\" \/>\n<link rel=\"canonical\" href=\"https:\/\/sportlifeone.ch\/fr\/les-initiateurs\/\" \/>\n<meta property=\"og:locale\" content=\"fr_FR\" \/>\n<meta property=\"og:type\" content=\"article\" \/>\n<meta property=\"og:title\" content=\"Les initiateurs | sportlifeone\" \/>\n<meta property=\"og:description\" content=\"sportlifeone ist eine exklusive Schweizer Sport-Community, die sich von unabh\u00e4ngigen Experten in Themen wie Verm\u00f6gensanlagen, Versicherungen, Steuern, Marketing, Kommunikation, Mediencoaching und Karriereplanung mit individuellen L\u00f6sungen beraten und unterst\u00fctzen l\u00e4sst.\" \/>\n<meta property=\"og:url\" content=\"https:\/\/sportlifeone.ch\/fr\/les-initiateurs\/\" \/>\n<meta property=\"og:site_name\" content=\"sportlifeone\" \/>\n<meta property=\"article:publisher\" content=\"https:\/\/www.facebook.com\/sportlifeone\" \/>\n<meta property=\"article:modified_time\" content=\"2024-07-02T13:54:12+00:00\" \/>\n<meta property=\"og:image\" content=\"https:\/\/sportlifeone.ch\/wp-content\/uploads\/2020\/04\/Titelbild_Social_Media.jpg\" \/>\n\t<meta property=\"og:image:width\" content=\"1756\" \/>\n\t<meta property=\"og:image:height\" content=\"1217\" \/>\n\t<meta property=\"og:image:type\" content=\"image\/jpeg\" \/>\n<meta name=\"twitter:card\" content=\"summary_large_image\" \/>\n<meta name=\"twitter:site\" content=\"@sportlifeone\" \/>\n<meta name=\"twitter:label1\" content=\"Dur\u00e9e de lecture estim\u00e9e\" \/>\n\t<meta name=\"twitter:data1\" content=\"1 minute\" \/>\n<script type=\"application\/ld+json\" class=\"yoast-schema-graph\">{\"@context\":\"https:\\\/\\\/schema.org\",\"@graph\":[{\"@type\":\"WebPage\",\"@id\":\"https:\\\/\\\/sportlifeone.ch\\\/fr\\\/les-initiateurs\\\/\",\"url\":\"https:\\\/\\\/sportlifeone.ch\\\/fr\\\/les-initiateurs\\\/\",\"name\":\"Les initiateurs | sportlifeone\",\"isPartOf\":{\"@id\":\"https:\\\/\\\/sportlifeone.ch\\\/fr\\\/#website\"},\"datePublished\":\"2024-07-02T13:51:18+00:00\",\"dateModified\":\"2024-07-02T13:54:12+00:00\",\"description\":\"sportlifeone ist eine exklusive Schweizer Sport-Community, die sich von unabh\u00e4ngigen Experten in Themen wie Verm\u00f6gensanlagen, Versicherungen, Steuern, Marketing, Kommunikation, Mediencoaching und Karriereplanung mit individuellen L\u00f6sungen beraten und unterst\u00fctzen l\u00e4sst.\",\"breadcrumb\":{\"@id\":\"https:\\\/\\\/sportlifeone.ch\\\/fr\\\/les-initiateurs\\\/#breadcrumb\"},\"inLanguage\":\"fr-FR\",\"potentialAction\":[{\"@type\":\"ReadAction\",\"target\":[\"https:\\\/\\\/sportlifeone.ch\\\/fr\\\/les-initiateurs\\\/\"]}]},{\"@type\":\"BreadcrumbList\",\"@id\":\"https:\\\/\\\/sportlifeone.ch\\\/fr\\\/les-initiateurs\\\/#breadcrumb\",\"itemListElement\":[{\"@type\":\"ListItem\",\"position\":1,\"name\":\"Startseite\",\"item\":\"https:\\\/\\\/sportlifeone.ch\\\/fr\\\/?lang=fr\"},{\"@type\":\"ListItem\",\"position\":2,\"name\":\"Les initiateurs\"}]},{\"@type\":\"WebSite\",\"@id\":\"https:\\\/\\\/sportlifeone.ch\\\/fr\\\/#website\",\"url\":\"https:\\\/\\\/sportlifeone.ch\\\/fr\\\/\",\"name\":\"sportlifeone\",\"description\":\"Ihre Sicherheit w\u00e4hrend und nach der Karriere\",\"publisher\":{\"@id\":\"https:\\\/\\\/sportlifeone.ch\\\/fr\\\/#organization\"},\"potentialAction\":[{\"@type\":\"SearchAction\",\"target\":{\"@type\":\"EntryPoint\",\"urlTemplate\":\"https:\\\/\\\/sportlifeone.ch\\\/fr\\\/?s={search_term_string}\"},\"query-input\":{\"@type\":\"PropertyValueSpecification\",\"valueRequired\":true,\"valueName\":\"search_term_string\"}}],\"inLanguage\":\"fr-FR\"},{\"@type\":\"Organization\",\"@id\":\"https:\\\/\\\/sportlifeone.ch\\\/fr\\\/#organization\",\"name\":\"sportlifeone\",\"url\":\"https:\\\/\\\/sportlifeone.ch\\\/fr\\\/\",\"logo\":{\"@type\":\"ImageObject\",\"inLanguage\":\"fr-FR\",\"@id\":\"https:\\\/\\\/sportlifeone.ch\\\/fr\\\/#\\\/schema\\\/logo\\\/image\\\/\",\"url\":\"https:\\\/\\\/sportlifeone.ch\\\/wp-content\\\/uploads\\\/2020\\\/04\\\/sportlifeone_Logo_Zeichenfl\u00e4che-1.jpg\",\"contentUrl\":\"https:\\\/\\\/sportlifeone.ch\\\/wp-content\\\/uploads\\\/2020\\\/04\\\/sportlifeone_Logo_Zeichenfl\u00e4che-1.jpg\",\"width\":834,\"height\":834,\"caption\":\"sportlifeone\"},\"image\":{\"@id\":\"https:\\\/\\\/sportlifeone.ch\\\/fr\\\/#\\\/schema\\\/logo\\\/image\\\/\"},\"sameAs\":[\"https:\\\/\\\/www.facebook.com\\\/sportlifeone\",\"https:\\\/\\\/x.com\\\/sportlifeone\",\"https:\\\/\\\/www.instagram.com\\\/sportlifeone_ch\\\/\",\"https:\\\/\\\/www.linkedin.com\\\/company\\\/sportlifeone\\\/\",\"https:\\\/\\\/www.youtube.com\\\/channel\\\/UCA6jwmqd06s7ydz8VnjndlQ\\\/?guided_help_flow=5\"]}]}<\/script>\n<!-- \/ Yoast SEO plugin. -->","yoast_head_json":{"title":"Les initiateurs | sportlifeone","description":"sportlifeone ist eine exklusive Schweizer Sport-Community, die sich von unabh\u00e4ngigen Experten in Themen wie Verm\u00f6gensanlagen, Versicherungen, Steuern, Marketing, Kommunikation, Mediencoaching und Karriereplanung mit individuellen L\u00f6sungen beraten und unterst\u00fctzen l\u00e4sst.","robots":{"index":"index","follow":"follow","max-snippet":"max-snippet:-1","max-image-preview":"max-image-preview:large","max-video-preview":"max-video-preview:-1"},"canonical":"https:\/\/sportlifeone.ch\/fr\/les-initiateurs\/","og_locale":"fr_FR","og_type":"article","og_title":"Les initiateurs | sportlifeone","og_description":"sportlifeone ist eine exklusive Schweizer Sport-Community, die sich von unabh\u00e4ngigen Experten in Themen wie Verm\u00f6gensanlagen, Versicherungen, Steuern, Marketing, Kommunikation, Mediencoaching und Karriereplanung mit individuellen L\u00f6sungen beraten und unterst\u00fctzen l\u00e4sst.","og_url":"https:\/\/sportlifeone.ch\/fr\/les-initiateurs\/","og_site_name":"sportlifeone","article_publisher":"https:\/\/www.facebook.com\/sportlifeone","article_modified_time":"2024-07-02T13:54:12+00:00","og_image":[{"width":1756,"height":1217,"url":"https:\/\/sportlifeone.ch\/wp-content\/uploads\/2020\/04\/Titelbild_Social_Media.jpg","type":"image\/jpeg"}],"twitter_card":"summary_large_image","twitter_site":"@sportlifeone","twitter_misc":{"Dur\u00e9e de lecture estim\u00e9e":"1 minute"},"schema":{"@context":"https:\/\/schema.org","@graph":[{"@type":"WebPage","@id":"https:\/\/sportlifeone.ch\/fr\/les-initiateurs\/","url":"https:\/\/sportlifeone.ch\/fr\/les-initiateurs\/","name":"Les initiateurs | sportlifeone","isPartOf":{"@id":"https:\/\/sportlifeone.ch\/fr\/#website"},"datePublished":"2024-07-02T13:51:18+00:00","dateModified":"2024-07-02T13:54:12+00:00","description":"sportlifeone ist eine exklusive Schweizer Sport-Community, die sich von unabh\u00e4ngigen Experten in Themen wie Verm\u00f6gensanlagen, Versicherungen, Steuern, Marketing, Kommunikation, Mediencoaching und Karriereplanung mit individuellen L\u00f6sungen beraten und unterst\u00fctzen l\u00e4sst.","breadcrumb":{"@id":"https:\/\/sportlifeone.ch\/fr\/les-initiateurs\/#breadcrumb"},"inLanguage":"fr-FR","potentialAction":[{"@type":"ReadAction","target":["https:\/\/sportlifeone.ch\/fr\/les-initiateurs\/"]}]},{"@type":"BreadcrumbList","@id":"https:\/\/sportlifeone.ch\/fr\/les-initiateurs\/#breadcrumb","itemListElement":[{"@type":"ListItem","position":1,"name":"Startseite","item":"https:\/\/sportlifeone.ch\/fr\/?lang=fr"},{"@type":"ListItem","position":2,"name":"Les initiateurs"}]},{"@type":"WebSite","@id":"https:\/\/sportlifeone.ch\/fr\/#website","url":"https:\/\/sportlifeone.ch\/fr\/","name":"sportlifeone","description":"Ihre Sicherheit w\u00e4hrend und nach der Karriere","publisher":{"@id":"https:\/\/sportlifeone.ch\/fr\/#organization"},"potentialAction":[{"@type":"SearchAction","target":{"@type":"EntryPoint","urlTemplate":"https:\/\/sportlifeone.ch\/fr\/?s={search_term_string}"},"query-input":{"@type":"PropertyValueSpecification","valueRequired":true,"valueName":"search_term_string"}}],"inLanguage":"fr-FR"},{"@type":"Organization","@id":"https:\/\/sportlifeone.ch\/fr\/#organization","name":"sportlifeone","url":"https:\/\/sportlifeone.ch\/fr\/","logo":{"@type":"ImageObject","inLanguage":"fr-FR","@id":"https:\/\/sportlifeone.ch\/fr\/#\/schema\/logo\/image\/","url":"https:\/\/sportlifeone.ch\/wp-content\/uploads\/2020\/04\/sportlifeone_Logo_Zeichenfl\u00e4che-1.jpg","contentUrl":"https:\/\/sportlifeone.ch\/wp-content\/uploads\/2020\/04\/sportlifeone_Logo_Zeichenfl\u00e4che-1.jpg","width":834,"height":834,"caption":"sportlifeone"},"image":{"@id":"https:\/\/sportlifeone.ch\/fr\/#\/schema\/logo\/image\/"},"sameAs":["https:\/\/www.facebook.com\/sportlifeone","https:\/\/x.com\/sportlifeone","https:\/\/www.instagram.com\/sportlifeone_ch\/","https:\/\/www.linkedin.com\/company\/sportlifeone\/","https:\/\/www.youtube.com\/channel\/UCA6jwmqd06s7ydz8VnjndlQ\/?guided_help_flow=5"]}]}},"_links":{"self":[{"href":"https:\/\/sportlifeone.ch\/fr\/wp-json\/wp\/v2\/pages\/36128","targetHints":{"allow":["GET"]}}],"collection":[{"href":"https:\/\/sportlifeone.ch\/fr\/wp-json\/wp\/v2\/pages"}],"about":[{"href":"https:\/\/sportlifeone.ch\/fr\/wp-json\/wp\/v2\/types\/page"}],"author":[{"embeddable":true,"href":"https:\/\/sportlifeone.ch\/fr\/wp-json\/wp\/v2\/users\/6"}],"replies":[{"embeddable":true,"href":"https:\/\/sportlifeone.ch\/fr\/wp-json\/wp\/v2\/comments?post=36128"}],"version-history":[{"count":0,"href":"https:\/\/sportlifeone.ch\/fr\/wp-json\/wp\/v2\/pages\/36128\/revisions"}],"wp:attachment":[{"href":"https:\/\/sportlifeone.ch\/fr\/wp-json\/wp\/v2\/media?parent=36128"}],"curies":[{"name":"wp","href":"https:\/\/api.w.org\/{rel}","templated":true}]}}