{"id":36125,"date":"2024-07-02T15:48:54","date_gmt":"2024-07-02T13:48:54","guid":{"rendered":"https:\/\/sportlifeone.ch\/?page_id=36125"},"modified":"2024-07-02T15:54:17","modified_gmt":"2024-07-02T13:54:17","slug":"le-conseil-dadministration","status":"publish","type":"page","link":"https:\/\/sportlifeone.ch\/fr\/le-conseil-dadministration\/","title":{"rendered":"Le conseil d&rsquo;administration"},"content":{"rendered":"<div class=\"wpb-content-wrapper\"><p>[vc_row][vc_column width=\u00a0\u00bb1\/2&Prime;][vc_single_image image=\u00a0\u00bb33779&Prime; img_size=\u00a0\u00bbfull\u00a0\u00bb][\/vc_column][vc_column width=\u00a0\u00bb1\/2&Prime;][vc_column_text css=\u00a0\u00bb\u00a0\u00bb]Un conseil d&rsquo;administration compos\u00e9 de quatre personnes est responsable de la direction strat\u00e9gique de sportlifeone AG. Roger Bigger pr\u00e9side le conseil d&rsquo;administration, J\u00fcrg Altorfer et Pascal Scheiwiller en sont membres, Claudio Bertenghi en est le vice-pr\u00e9sident (de g. \u00e0 dr.).<\/p>\n<p>Apr\u00e8s une carri\u00e8re d&rsquo;\u00e9conomiste d&rsquo;entreprise dans le secteur financier, Roger Bigger (50 ans) a cr\u00e9\u00e9 sa premi\u00e8re entreprise en 2003. Au cours des dix-huit derniers mois, cet entrepreneur plein d&rsquo;initiative a d\u00e9velopp\u00e9 le <a href=\"https:\/\/sportlifeone.ch\/pf\/azemos-partner-ag\/\" target=\"_blank\" rel=\"noopener\">azemos gruppe<\/a>, sp\u00e9cialis\u00e9 dans le conseil en patrimoine, la planification financi\u00e8re et l&rsquo;immobilier. L&rsquo;ancien footballeur du FC Wil 1900 a pris tr\u00e8s t\u00f4t des responsabilit\u00e9s au sein du club et de la ligue. Il a conduit le club \u00e0 travers de nombreuses phases de turbulences et a f\u00eat\u00e9 la surprenante victoire en coupe en 2004. Pendant neuf ans, il a \u00e9t\u00e9 directeur financier et membre du comit\u00e9 de la Swiss Football League. Entre-temps, il a renonc\u00e9 \u00e0 ces fonctions sportives et se concentre enti\u00e8rement sur ses entreprises.<\/p>\n<p>Claudio Bertenghi \u00e9tait un joueur de hockey sur glace passionn\u00e9, qui a \u00e9volu\u00e9 au sein des Lakers de Rapperswil. Aujourd&rsquo;hui, il dirige la soci\u00e9t\u00e9 de conseil <a href=\"https:\/\/sportlifeone.ch\/pf\/bertenghi\/\" target=\"_blank\" rel=\"noopener\">Bertenghi &amp; Partner AG<\/a> \u00e0 Zurich, qui s&rsquo;occupe de plus de 300 entreprises dans le domaine de l&rsquo;assurance. Avec la <a href=\"http:\/\/www.pspaworld.com\" target=\"_blank\" rel=\"noopener\">Pro Sports Protection Association<\/a>, il a cr\u00e9\u00e9 au sein de son entreprise une offre pour les sportifs professionnels, qui est d\u00e9sormais \u00e9galement int\u00e9gr\u00e9e \u00e0 sportlifeone.<\/p>\n<p>J\u00fcrg Altorfer a fait partie du cadre national des pentathloniens militaires. Les vertus requises dans ce cadre lui ont \u00e9galement permis d&rsquo;entamer une carri\u00e8re d&rsquo;expert fiscal. Chez <a href=\"https:\/\/sportlifeone.ch\/pf\/altorfer\/\" target=\"_blank\" rel=\"noopener\">ADB Altorfer Duss &amp; Beilstein AG<\/a>, il est l&rsquo;un des cinq partenaires. J\u00fcrg a enrichi son exp\u00e9rience en tant que membre du conseil d&rsquo;administration de diverses organisations. Chez sportlifeone, il peut \u00e9galement vivre sa passion pour le sport sur le plan professionnel.<\/p>\n<p>Pour Pascal Scheiwiller, le sport est un hobby et un \u00e9quilibre. Il se passionne pour les avions de sport et les voiliers. Originaire de Suisse orientale, il dirige depuis sept ans, en tant que CEO, l&rsquo;entreprise <a href=\"https:\/\/sportlifeone.ch\/pf\/von-rundstedt\/\" target=\"_blank\" rel=\"noopener\">von Rundstedt<\/a>, leader du march\u00e9 suisse du replacement et du conseil en carri\u00e8re. Lui et son \u00e9quipe poss\u00e8dent d&rsquo;excellentes relations dans le monde du travail, ce qui est un atout pour les membres de sportlifeone lorsqu&rsquo;ils souhaitent lancer leur deuxi\u00e8me carri\u00e8re professionnelle.[\/vc_column_text][\/vc_column][\/vc_row]<\/p>\n<\/div>","protected":false},"excerpt":{"rendered":"<p>[vc_row][vc_column width=\u00a0\u00bb1\/2&Prime;][vc_single_image image=\u00a0\u00bb33779&Prime; img_size=\u00a0\u00bbfull\u00a0\u00bb][\/vc_column][vc_column width=\u00a0\u00bb1\/2&Prime;][vc_column_text css=\u00a0\u00bb\u00a0\u00bb]Un conseil d&rsquo;administration compos\u00e9 de quatre personnes est responsable de la direction strat\u00e9gique de sportlifeone&#8230;<\/p>\n","protected":false},"author":6,"featured_media":0,"parent":0,"menu_order":0,"comment_status":"closed","ping_status":"closed","template":"","meta":{"content-type":"","footnotes":""},"class_list":["post-36125","page","type-page","status-publish"],"yoast_head":"<!-- This site is optimized with the Yoast SEO plugin v27.4 - https:\/\/yoast.com\/product\/yoast-seo-wordpress\/ -->\n<title>Le conseil d&#039;administration | sportlifeone<\/title>\n<meta name=\"description\" content=\"sportlifeone ist eine exklusive Schweizer Sport-Community, die sich von unabh\u00e4ngigen Experten in Themen wie Verm\u00f6gensanlagen, Versicherungen, Steuern, Marketing, Kommunikation, Mediencoaching und Karriereplanung mit individuellen L\u00f6sungen beraten und unterst\u00fctzen l\u00e4sst.\" \/>\n<meta name=\"robots\" content=\"index, follow, max-snippet:-1, max-image-preview:large, max-video-preview:-1\" \/>\n<link rel=\"canonical\" href=\"https:\/\/sportlifeone.ch\/fr\/le-conseil-dadministration\/\" \/>\n<meta property=\"og:locale\" content=\"fr_FR\" \/>\n<meta property=\"og:type\" content=\"article\" \/>\n<meta property=\"og:title\" content=\"Le conseil d&#039;administration | sportlifeone\" \/>\n<meta property=\"og:description\" content=\"sportlifeone ist eine exklusive Schweizer Sport-Community, die sich von unabh\u00e4ngigen Experten in Themen wie Verm\u00f6gensanlagen, Versicherungen, Steuern, Marketing, Kommunikation, Mediencoaching und Karriereplanung mit individuellen L\u00f6sungen beraten und unterst\u00fctzen l\u00e4sst.\" \/>\n<meta property=\"og:url\" content=\"https:\/\/sportlifeone.ch\/fr\/le-conseil-dadministration\/\" \/>\n<meta property=\"og:site_name\" content=\"sportlifeone\" \/>\n<meta property=\"article:publisher\" content=\"https:\/\/www.facebook.com\/sportlifeone\" \/>\n<meta property=\"article:modified_time\" content=\"2024-07-02T13:54:17+00:00\" \/>\n<meta property=\"og:image\" content=\"https:\/\/sportlifeone.ch\/wp-content\/uploads\/2020\/04\/Titelbild_Social_Media.jpg\" \/>\n\t<meta property=\"og:image:width\" content=\"1756\" \/>\n\t<meta property=\"og:image:height\" content=\"1217\" \/>\n\t<meta property=\"og:image:type\" content=\"image\/jpeg\" \/>\n<meta name=\"twitter:card\" content=\"summary_large_image\" \/>\n<meta name=\"twitter:site\" content=\"@sportlifeone\" \/>\n<meta name=\"twitter:label1\" content=\"Dur\u00e9e de lecture estim\u00e9e\" \/>\n\t<meta name=\"twitter:data1\" content=\"3 minutes\" \/>\n<script type=\"application\/ld+json\" class=\"yoast-schema-graph\">{\"@context\":\"https:\\\/\\\/schema.org\",\"@graph\":[{\"@type\":\"WebPage\",\"@id\":\"https:\\\/\\\/sportlifeone.ch\\\/fr\\\/le-conseil-dadministration\\\/\",\"url\":\"https:\\\/\\\/sportlifeone.ch\\\/fr\\\/le-conseil-dadministration\\\/\",\"name\":\"Le conseil d'administration | sportlifeone\",\"isPartOf\":{\"@id\":\"https:\\\/\\\/sportlifeone.ch\\\/fr\\\/#website\"},\"datePublished\":\"2024-07-02T13:48:54+00:00\",\"dateModified\":\"2024-07-02T13:54:17+00:00\",\"description\":\"sportlifeone ist eine exklusive Schweizer Sport-Community, die sich von unabh\u00e4ngigen Experten in Themen wie Verm\u00f6gensanlagen, Versicherungen, Steuern, Marketing, Kommunikation, Mediencoaching und Karriereplanung mit individuellen L\u00f6sungen beraten und unterst\u00fctzen l\u00e4sst.\",\"breadcrumb\":{\"@id\":\"https:\\\/\\\/sportlifeone.ch\\\/fr\\\/le-conseil-dadministration\\\/#breadcrumb\"},\"inLanguage\":\"fr-FR\",\"potentialAction\":[{\"@type\":\"ReadAction\",\"target\":[\"https:\\\/\\\/sportlifeone.ch\\\/fr\\\/le-conseil-dadministration\\\/\"]}]},{\"@type\":\"BreadcrumbList\",\"@id\":\"https:\\\/\\\/sportlifeone.ch\\\/fr\\\/le-conseil-dadministration\\\/#breadcrumb\",\"itemListElement\":[{\"@type\":\"ListItem\",\"position\":1,\"name\":\"Startseite\",\"item\":\"https:\\\/\\\/sportlifeone.ch\\\/fr\\\/?lang=fr\"},{\"@type\":\"ListItem\",\"position\":2,\"name\":\"Le conseil d&#8217;administration\"}]},{\"@type\":\"WebSite\",\"@id\":\"https:\\\/\\\/sportlifeone.ch\\\/fr\\\/#website\",\"url\":\"https:\\\/\\\/sportlifeone.ch\\\/fr\\\/\",\"name\":\"sportlifeone\",\"description\":\"Ihre Sicherheit w\u00e4hrend und nach der Karriere\",\"publisher\":{\"@id\":\"https:\\\/\\\/sportlifeone.ch\\\/fr\\\/#organization\"},\"potentialAction\":[{\"@type\":\"SearchAction\",\"target\":{\"@type\":\"EntryPoint\",\"urlTemplate\":\"https:\\\/\\\/sportlifeone.ch\\\/fr\\\/?s={search_term_string}\"},\"query-input\":{\"@type\":\"PropertyValueSpecification\",\"valueRequired\":true,\"valueName\":\"search_term_string\"}}],\"inLanguage\":\"fr-FR\"},{\"@type\":\"Organization\",\"@id\":\"https:\\\/\\\/sportlifeone.ch\\\/fr\\\/#organization\",\"name\":\"sportlifeone\",\"url\":\"https:\\\/\\\/sportlifeone.ch\\\/fr\\\/\",\"logo\":{\"@type\":\"ImageObject\",\"inLanguage\":\"fr-FR\",\"@id\":\"https:\\\/\\\/sportlifeone.ch\\\/fr\\\/#\\\/schema\\\/logo\\\/image\\\/\",\"url\":\"https:\\\/\\\/sportlifeone.ch\\\/wp-content\\\/uploads\\\/2020\\\/04\\\/sportlifeone_Logo_Zeichenfl\u00e4che-1.jpg\",\"contentUrl\":\"https:\\\/\\\/sportlifeone.ch\\\/wp-content\\\/uploads\\\/2020\\\/04\\\/sportlifeone_Logo_Zeichenfl\u00e4che-1.jpg\",\"width\":834,\"height\":834,\"caption\":\"sportlifeone\"},\"image\":{\"@id\":\"https:\\\/\\\/sportlifeone.ch\\\/fr\\\/#\\\/schema\\\/logo\\\/image\\\/\"},\"sameAs\":[\"https:\\\/\\\/www.facebook.com\\\/sportlifeone\",\"https:\\\/\\\/x.com\\\/sportlifeone\",\"https:\\\/\\\/www.instagram.com\\\/sportlifeone_ch\\\/\",\"https:\\\/\\\/www.linkedin.com\\\/company\\\/sportlifeone\\\/\",\"https:\\\/\\\/www.youtube.com\\\/channel\\\/UCA6jwmqd06s7ydz8VnjndlQ\\\/?guided_help_flow=5\"]}]}<\/script>\n<!-- \/ Yoast SEO plugin. -->","yoast_head_json":{"title":"Le conseil d'administration | sportlifeone","description":"sportlifeone ist eine exklusive Schweizer Sport-Community, die sich von unabh\u00e4ngigen Experten in Themen wie Verm\u00f6gensanlagen, Versicherungen, Steuern, Marketing, Kommunikation, Mediencoaching und Karriereplanung mit individuellen L\u00f6sungen beraten und unterst\u00fctzen l\u00e4sst.","robots":{"index":"index","follow":"follow","max-snippet":"max-snippet:-1","max-image-preview":"max-image-preview:large","max-video-preview":"max-video-preview:-1"},"canonical":"https:\/\/sportlifeone.ch\/fr\/le-conseil-dadministration\/","og_locale":"fr_FR","og_type":"article","og_title":"Le conseil d'administration | sportlifeone","og_description":"sportlifeone ist eine exklusive Schweizer Sport-Community, die sich von unabh\u00e4ngigen Experten in Themen wie Verm\u00f6gensanlagen, Versicherungen, Steuern, Marketing, Kommunikation, Mediencoaching und Karriereplanung mit individuellen L\u00f6sungen beraten und unterst\u00fctzen l\u00e4sst.","og_url":"https:\/\/sportlifeone.ch\/fr\/le-conseil-dadministration\/","og_site_name":"sportlifeone","article_publisher":"https:\/\/www.facebook.com\/sportlifeone","article_modified_time":"2024-07-02T13:54:17+00:00","og_image":[{"width":1756,"height":1217,"url":"https:\/\/sportlifeone.ch\/wp-content\/uploads\/2020\/04\/Titelbild_Social_Media.jpg","type":"image\/jpeg"}],"twitter_card":"summary_large_image","twitter_site":"@sportlifeone","twitter_misc":{"Dur\u00e9e de lecture estim\u00e9e":"3 minutes"},"schema":{"@context":"https:\/\/schema.org","@graph":[{"@type":"WebPage","@id":"https:\/\/sportlifeone.ch\/fr\/le-conseil-dadministration\/","url":"https:\/\/sportlifeone.ch\/fr\/le-conseil-dadministration\/","name":"Le conseil d'administration | sportlifeone","isPartOf":{"@id":"https:\/\/sportlifeone.ch\/fr\/#website"},"datePublished":"2024-07-02T13:48:54+00:00","dateModified":"2024-07-02T13:54:17+00:00","description":"sportlifeone ist eine exklusive Schweizer Sport-Community, die sich von unabh\u00e4ngigen Experten in Themen wie Verm\u00f6gensanlagen, Versicherungen, Steuern, Marketing, Kommunikation, Mediencoaching und Karriereplanung mit individuellen L\u00f6sungen beraten und unterst\u00fctzen l\u00e4sst.","breadcrumb":{"@id":"https:\/\/sportlifeone.ch\/fr\/le-conseil-dadministration\/#breadcrumb"},"inLanguage":"fr-FR","potentialAction":[{"@type":"ReadAction","target":["https:\/\/sportlifeone.ch\/fr\/le-conseil-dadministration\/"]}]},{"@type":"BreadcrumbList","@id":"https:\/\/sportlifeone.ch\/fr\/le-conseil-dadministration\/#breadcrumb","itemListElement":[{"@type":"ListItem","position":1,"name":"Startseite","item":"https:\/\/sportlifeone.ch\/fr\/?lang=fr"},{"@type":"ListItem","position":2,"name":"Le conseil d&#8217;administration"}]},{"@type":"WebSite","@id":"https:\/\/sportlifeone.ch\/fr\/#website","url":"https:\/\/sportlifeone.ch\/fr\/","name":"sportlifeone","description":"Ihre Sicherheit w\u00e4hrend und nach der Karriere","publisher":{"@id":"https:\/\/sportlifeone.ch\/fr\/#organization"},"potentialAction":[{"@type":"SearchAction","target":{"@type":"EntryPoint","urlTemplate":"https:\/\/sportlifeone.ch\/fr\/?s={search_term_string}"},"query-input":{"@type":"PropertyValueSpecification","valueRequired":true,"valueName":"search_term_string"}}],"inLanguage":"fr-FR"},{"@type":"Organization","@id":"https:\/\/sportlifeone.ch\/fr\/#organization","name":"sportlifeone","url":"https:\/\/sportlifeone.ch\/fr\/","logo":{"@type":"ImageObject","inLanguage":"fr-FR","@id":"https:\/\/sportlifeone.ch\/fr\/#\/schema\/logo\/image\/","url":"https:\/\/sportlifeone.ch\/wp-content\/uploads\/2020\/04\/sportlifeone_Logo_Zeichenfl\u00e4che-1.jpg","contentUrl":"https:\/\/sportlifeone.ch\/wp-content\/uploads\/2020\/04\/sportlifeone_Logo_Zeichenfl\u00e4che-1.jpg","width":834,"height":834,"caption":"sportlifeone"},"image":{"@id":"https:\/\/sportlifeone.ch\/fr\/#\/schema\/logo\/image\/"},"sameAs":["https:\/\/www.facebook.com\/sportlifeone","https:\/\/x.com\/sportlifeone","https:\/\/www.instagram.com\/sportlifeone_ch\/","https:\/\/www.linkedin.com\/company\/sportlifeone\/","https:\/\/www.youtube.com\/channel\/UCA6jwmqd06s7ydz8VnjndlQ\/?guided_help_flow=5"]}]}},"_links":{"self":[{"href":"https:\/\/sportlifeone.ch\/fr\/wp-json\/wp\/v2\/pages\/36125","targetHints":{"allow":["GET"]}}],"collection":[{"href":"https:\/\/sportlifeone.ch\/fr\/wp-json\/wp\/v2\/pages"}],"about":[{"href":"https:\/\/sportlifeone.ch\/fr\/wp-json\/wp\/v2\/types\/page"}],"author":[{"embeddable":true,"href":"https:\/\/sportlifeone.ch\/fr\/wp-json\/wp\/v2\/users\/6"}],"replies":[{"embeddable":true,"href":"https:\/\/sportlifeone.ch\/fr\/wp-json\/wp\/v2\/comments?post=36125"}],"version-history":[{"count":0,"href":"https:\/\/sportlifeone.ch\/fr\/wp-json\/wp\/v2\/pages\/36125\/revisions"}],"wp:attachment":[{"href":"https:\/\/sportlifeone.ch\/fr\/wp-json\/wp\/v2\/media?parent=36125"}],"curies":[{"name":"wp","href":"https:\/\/api.w.org\/{rel}","templated":true}]}}