{"id":33054,"date":"2020-03-06T08:39:39","date_gmt":"2020-03-06T08:39:39","guid":{"rendered":"https:\/\/sportlifeone.ch\/martin-zinser\/"},"modified":"2024-06-28T14:57:20","modified_gmt":"2024-06-28T12:57:20","slug":"martin-zinser","status":"publish","type":"page","link":"https:\/\/sportlifeone.ch\/fr\/martin-zinser\/","title":{"rendered":"Martin Zinser"},"content":{"rendered":"<div class=\"wpb-content-wrapper\"><p>[vc_row][vc_column width=\u00a0\u00bb1\/2&Prime;][vc_single_image image=\u00a0\u00bb33057&Prime; img_size=\u00a0\u00bbfull\u00a0\u00bb][\/vc_column][vc_column width=\u00a0\u00bb1\/2&Prime;][vc_column_text]Martin Zinser (57 ans) est initiateur, fondateur et directeur g\u00e9n\u00e9ral de sportlifeone AG. Il vit \u00e0 Felben-Wellhausen \/ TG avec sa femme et ses deux filles depuis plus de 20 ans. L&rsquo;ancien enseignant en primaire a \u00e9t\u00e9 r\u00e9dacteur sportif au \u00ab Der Landbote \u00bb \u00e0 Winterthur de 1988 \u00e0 1993. De 1993 \u00e0 2017, il a contribu\u00e9 \u00e0 fa\u00e7onner le d\u00e9partement des sports \u00e0 la t\u00e9l\u00e9vision suisse. Au cours des 11 derni\u00e8res ann\u00e9es, il a \u00e9t\u00e9 r\u00e9dacteur en chef des \u00e9missions de sport en direct, responsable du programme, des finances et du personnel.\u00a0 C\u2019est dans cette fonction qu\u2019il a appris \u00e0 conna\u00eetre le sport suisse sous un angle particulier. Avant de devenir journaliste sportif, Martin a jou\u00e9 intensivement au cycle-balle, est devenu champion de Suisse et a repr\u00e9sent\u00e9 la Suisse \u00e0 trois reprises aux championnats du monde.[\/vc_column_text][\/vc_column][\/vc_row]<\/p>\n<\/div>","protected":false},"excerpt":{"rendered":"<p>[vc_row][vc_column width=\u00a0\u00bb1\/2&Prime;][vc_single_image image=\u00a0\u00bb33057&Prime; img_size=\u00a0\u00bbfull\u00a0\u00bb][\/vc_column][vc_column width=\u00a0\u00bb1\/2&Prime;][vc_column_text]Martin Zinser (57 ans) est initiateur, fondateur et directeur g\u00e9n\u00e9ral de sportlifeone AG. Il vit \u00e0&#8230;<\/p>\n","protected":false},"author":6,"featured_media":0,"parent":0,"menu_order":0,"comment_status":"closed","ping_status":"closed","template":"","meta":{"content-type":"","footnotes":""},"class_list":["post-33054","page","type-page","status-publish"],"yoast_head":"<!-- This site is optimized with the Yoast SEO plugin v27.4 - https:\/\/yoast.com\/product\/yoast-seo-wordpress\/ -->\n<title>Martin Zinser | sportlifeone<\/title>\n<meta name=\"description\" content=\"sportlifeone ist eine exklusive Schweizer Sport-Community, die sich von unabh\u00e4ngigen Experten in Themen wie Verm\u00f6gensanlagen, Versicherungen, Steuern, Marketing, Kommunikation, Mediencoaching und Karriereplanung mit individuellen L\u00f6sungen beraten und unterst\u00fctzen l\u00e4sst.\" \/>\n<meta name=\"robots\" content=\"index, follow, max-snippet:-1, max-image-preview:large, max-video-preview:-1\" \/>\n<link rel=\"canonical\" href=\"https:\/\/sportlifeone.ch\/fr\/martin-zinser\/\" \/>\n<meta property=\"og:locale\" content=\"fr_FR\" \/>\n<meta property=\"og:type\" content=\"article\" \/>\n<meta property=\"og:title\" content=\"Martin Zinser | sportlifeone\" \/>\n<meta property=\"og:description\" content=\"sportlifeone ist eine exklusive Schweizer Sport-Community, die sich von unabh\u00e4ngigen Experten in Themen wie Verm\u00f6gensanlagen, Versicherungen, Steuern, Marketing, Kommunikation, Mediencoaching und Karriereplanung mit individuellen L\u00f6sungen beraten und unterst\u00fctzen l\u00e4sst.\" \/>\n<meta property=\"og:url\" content=\"https:\/\/sportlifeone.ch\/fr\/martin-zinser\/\" \/>\n<meta property=\"og:site_name\" content=\"sportlifeone\" \/>\n<meta property=\"article:publisher\" content=\"https:\/\/www.facebook.com\/sportlifeone\" \/>\n<meta property=\"article:modified_time\" content=\"2024-06-28T12:57:20+00:00\" \/>\n<meta property=\"og:image\" content=\"https:\/\/sportlifeone.ch\/wp-content\/uploads\/2020\/04\/Titelbild_Social_Media.jpg\" \/>\n\t<meta property=\"og:image:width\" content=\"1756\" \/>\n\t<meta property=\"og:image:height\" content=\"1217\" \/>\n\t<meta property=\"og:image:type\" content=\"image\/jpeg\" \/>\n<meta name=\"twitter:card\" content=\"summary_large_image\" \/>\n<meta name=\"twitter:site\" content=\"@sportlifeone\" \/>\n<meta name=\"twitter:label1\" content=\"Dur\u00e9e de lecture estim\u00e9e\" \/>\n\t<meta name=\"twitter:data1\" content=\"1 minute\" \/>\n<script type=\"application\/ld+json\" class=\"yoast-schema-graph\">{\"@context\":\"https:\\\/\\\/schema.org\",\"@graph\":[{\"@type\":\"WebPage\",\"@id\":\"https:\\\/\\\/sportlifeone.ch\\\/fr\\\/martin-zinser\\\/\",\"url\":\"https:\\\/\\\/sportlifeone.ch\\\/fr\\\/martin-zinser\\\/\",\"name\":\"Martin Zinser | sportlifeone\",\"isPartOf\":{\"@id\":\"https:\\\/\\\/sportlifeone.ch\\\/fr\\\/#website\"},\"datePublished\":\"2020-03-06T08:39:39+00:00\",\"dateModified\":\"2024-06-28T12:57:20+00:00\",\"description\":\"sportlifeone ist eine exklusive Schweizer Sport-Community, die sich von unabh\u00e4ngigen Experten in Themen wie Verm\u00f6gensanlagen, Versicherungen, Steuern, Marketing, Kommunikation, Mediencoaching und Karriereplanung mit individuellen L\u00f6sungen beraten und unterst\u00fctzen l\u00e4sst.\",\"breadcrumb\":{\"@id\":\"https:\\\/\\\/sportlifeone.ch\\\/fr\\\/martin-zinser\\\/#breadcrumb\"},\"inLanguage\":\"fr-FR\",\"potentialAction\":[{\"@type\":\"ReadAction\",\"target\":[\"https:\\\/\\\/sportlifeone.ch\\\/fr\\\/martin-zinser\\\/\"]}]},{\"@type\":\"BreadcrumbList\",\"@id\":\"https:\\\/\\\/sportlifeone.ch\\\/fr\\\/martin-zinser\\\/#breadcrumb\",\"itemListElement\":[{\"@type\":\"ListItem\",\"position\":1,\"name\":\"Startseite\",\"item\":\"https:\\\/\\\/sportlifeone.ch\\\/fr\\\/?lang=fr\"},{\"@type\":\"ListItem\",\"position\":2,\"name\":\"Martin Zinser\"}]},{\"@type\":\"WebSite\",\"@id\":\"https:\\\/\\\/sportlifeone.ch\\\/fr\\\/#website\",\"url\":\"https:\\\/\\\/sportlifeone.ch\\\/fr\\\/\",\"name\":\"sportlifeone\",\"description\":\"Ihre Sicherheit w\u00e4hrend und nach der Karriere\",\"publisher\":{\"@id\":\"https:\\\/\\\/sportlifeone.ch\\\/fr\\\/#organization\"},\"potentialAction\":[{\"@type\":\"SearchAction\",\"target\":{\"@type\":\"EntryPoint\",\"urlTemplate\":\"https:\\\/\\\/sportlifeone.ch\\\/fr\\\/?s={search_term_string}\"},\"query-input\":{\"@type\":\"PropertyValueSpecification\",\"valueRequired\":true,\"valueName\":\"search_term_string\"}}],\"inLanguage\":\"fr-FR\"},{\"@type\":\"Organization\",\"@id\":\"https:\\\/\\\/sportlifeone.ch\\\/fr\\\/#organization\",\"name\":\"sportlifeone\",\"url\":\"https:\\\/\\\/sportlifeone.ch\\\/fr\\\/\",\"logo\":{\"@type\":\"ImageObject\",\"inLanguage\":\"fr-FR\",\"@id\":\"https:\\\/\\\/sportlifeone.ch\\\/fr\\\/#\\\/schema\\\/logo\\\/image\\\/\",\"url\":\"https:\\\/\\\/sportlifeone.ch\\\/wp-content\\\/uploads\\\/2020\\\/04\\\/sportlifeone_Logo_Zeichenfl\u00e4che-1.jpg\",\"contentUrl\":\"https:\\\/\\\/sportlifeone.ch\\\/wp-content\\\/uploads\\\/2020\\\/04\\\/sportlifeone_Logo_Zeichenfl\u00e4che-1.jpg\",\"width\":834,\"height\":834,\"caption\":\"sportlifeone\"},\"image\":{\"@id\":\"https:\\\/\\\/sportlifeone.ch\\\/fr\\\/#\\\/schema\\\/logo\\\/image\\\/\"},\"sameAs\":[\"https:\\\/\\\/www.facebook.com\\\/sportlifeone\",\"https:\\\/\\\/x.com\\\/sportlifeone\",\"https:\\\/\\\/www.instagram.com\\\/sportlifeone_ch\\\/\",\"https:\\\/\\\/www.linkedin.com\\\/company\\\/sportlifeone\\\/\",\"https:\\\/\\\/www.youtube.com\\\/channel\\\/UCA6jwmqd06s7ydz8VnjndlQ\\\/?guided_help_flow=5\"]}]}<\/script>\n<!-- \/ Yoast SEO plugin. -->","yoast_head_json":{"title":"Martin Zinser | sportlifeone","description":"sportlifeone ist eine exklusive Schweizer Sport-Community, die sich von unabh\u00e4ngigen Experten in Themen wie Verm\u00f6gensanlagen, Versicherungen, Steuern, Marketing, Kommunikation, Mediencoaching und Karriereplanung mit individuellen L\u00f6sungen beraten und unterst\u00fctzen l\u00e4sst.","robots":{"index":"index","follow":"follow","max-snippet":"max-snippet:-1","max-image-preview":"max-image-preview:large","max-video-preview":"max-video-preview:-1"},"canonical":"https:\/\/sportlifeone.ch\/fr\/martin-zinser\/","og_locale":"fr_FR","og_type":"article","og_title":"Martin Zinser | sportlifeone","og_description":"sportlifeone ist eine exklusive Schweizer Sport-Community, die sich von unabh\u00e4ngigen Experten in Themen wie Verm\u00f6gensanlagen, Versicherungen, Steuern, Marketing, Kommunikation, Mediencoaching und Karriereplanung mit individuellen L\u00f6sungen beraten und unterst\u00fctzen l\u00e4sst.","og_url":"https:\/\/sportlifeone.ch\/fr\/martin-zinser\/","og_site_name":"sportlifeone","article_publisher":"https:\/\/www.facebook.com\/sportlifeone","article_modified_time":"2024-06-28T12:57:20+00:00","og_image":[{"width":1756,"height":1217,"url":"https:\/\/sportlifeone.ch\/wp-content\/uploads\/2020\/04\/Titelbild_Social_Media.jpg","type":"image\/jpeg"}],"twitter_card":"summary_large_image","twitter_site":"@sportlifeone","twitter_misc":{"Dur\u00e9e de lecture estim\u00e9e":"1 minute"},"schema":{"@context":"https:\/\/schema.org","@graph":[{"@type":"WebPage","@id":"https:\/\/sportlifeone.ch\/fr\/martin-zinser\/","url":"https:\/\/sportlifeone.ch\/fr\/martin-zinser\/","name":"Martin Zinser | sportlifeone","isPartOf":{"@id":"https:\/\/sportlifeone.ch\/fr\/#website"},"datePublished":"2020-03-06T08:39:39+00:00","dateModified":"2024-06-28T12:57:20+00:00","description":"sportlifeone ist eine exklusive Schweizer Sport-Community, die sich von unabh\u00e4ngigen Experten in Themen wie Verm\u00f6gensanlagen, Versicherungen, Steuern, Marketing, Kommunikation, Mediencoaching und Karriereplanung mit individuellen L\u00f6sungen beraten und unterst\u00fctzen l\u00e4sst.","breadcrumb":{"@id":"https:\/\/sportlifeone.ch\/fr\/martin-zinser\/#breadcrumb"},"inLanguage":"fr-FR","potentialAction":[{"@type":"ReadAction","target":["https:\/\/sportlifeone.ch\/fr\/martin-zinser\/"]}]},{"@type":"BreadcrumbList","@id":"https:\/\/sportlifeone.ch\/fr\/martin-zinser\/#breadcrumb","itemListElement":[{"@type":"ListItem","position":1,"name":"Startseite","item":"https:\/\/sportlifeone.ch\/fr\/?lang=fr"},{"@type":"ListItem","position":2,"name":"Martin Zinser"}]},{"@type":"WebSite","@id":"https:\/\/sportlifeone.ch\/fr\/#website","url":"https:\/\/sportlifeone.ch\/fr\/","name":"sportlifeone","description":"Ihre Sicherheit w\u00e4hrend und nach der Karriere","publisher":{"@id":"https:\/\/sportlifeone.ch\/fr\/#organization"},"potentialAction":[{"@type":"SearchAction","target":{"@type":"EntryPoint","urlTemplate":"https:\/\/sportlifeone.ch\/fr\/?s={search_term_string}"},"query-input":{"@type":"PropertyValueSpecification","valueRequired":true,"valueName":"search_term_string"}}],"inLanguage":"fr-FR"},{"@type":"Organization","@id":"https:\/\/sportlifeone.ch\/fr\/#organization","name":"sportlifeone","url":"https:\/\/sportlifeone.ch\/fr\/","logo":{"@type":"ImageObject","inLanguage":"fr-FR","@id":"https:\/\/sportlifeone.ch\/fr\/#\/schema\/logo\/image\/","url":"https:\/\/sportlifeone.ch\/wp-content\/uploads\/2020\/04\/sportlifeone_Logo_Zeichenfl\u00e4che-1.jpg","contentUrl":"https:\/\/sportlifeone.ch\/wp-content\/uploads\/2020\/04\/sportlifeone_Logo_Zeichenfl\u00e4che-1.jpg","width":834,"height":834,"caption":"sportlifeone"},"image":{"@id":"https:\/\/sportlifeone.ch\/fr\/#\/schema\/logo\/image\/"},"sameAs":["https:\/\/www.facebook.com\/sportlifeone","https:\/\/x.com\/sportlifeone","https:\/\/www.instagram.com\/sportlifeone_ch\/","https:\/\/www.linkedin.com\/company\/sportlifeone\/","https:\/\/www.youtube.com\/channel\/UCA6jwmqd06s7ydz8VnjndlQ\/?guided_help_flow=5"]}]}},"_links":{"self":[{"href":"https:\/\/sportlifeone.ch\/fr\/wp-json\/wp\/v2\/pages\/33054","targetHints":{"allow":["GET"]}}],"collection":[{"href":"https:\/\/sportlifeone.ch\/fr\/wp-json\/wp\/v2\/pages"}],"about":[{"href":"https:\/\/sportlifeone.ch\/fr\/wp-json\/wp\/v2\/types\/page"}],"author":[{"embeddable":true,"href":"https:\/\/sportlifeone.ch\/fr\/wp-json\/wp\/v2\/users\/6"}],"replies":[{"embeddable":true,"href":"https:\/\/sportlifeone.ch\/fr\/wp-json\/wp\/v2\/comments?post=33054"}],"version-history":[{"count":0,"href":"https:\/\/sportlifeone.ch\/fr\/wp-json\/wp\/v2\/pages\/33054\/revisions"}],"wp:attachment":[{"href":"https:\/\/sportlifeone.ch\/fr\/wp-json\/wp\/v2\/media?parent=33054"}],"curies":[{"name":"wp","href":"https:\/\/api.w.org\/{rel}","templated":true}]}}