{"id":34051,"date":"2021-03-24T14:57:21","date_gmt":"2021-03-24T13:57:21","guid":{"rendered":"https:\/\/sportlifeone.ch\/?page_id=34051"},"modified":"2024-06-28T14:48:13","modified_gmt":"2024-06-28T12:48:13","slug":"the-board-of-directors","status":"publish","type":"page","link":"https:\/\/sportlifeone.ch\/en\/the-board-of-directors\/","title":{"rendered":"The Board of Directors"},"content":{"rendered":"<div class=\"wpb-content-wrapper\"><p>[vc_row][vc_column width=&#8221;1\/2&#8243;][vc_single_image image=&#8221;33778&#8243; img_size=&#8221;full&#8221;][\/vc_column][vc_column width=&#8221;1\/2&#8243;][vc_column_text]A four-member Board of Directors is responsible for the strategic management of sportlifeone AG. Roger Bigger is Chairman of the Board of Directors, J\u00fcrg Altorfer and Pascal Scheiwiller are members. Claudio Bertenghi is Vice-Chairman.<\/p>\n<p>Roger Bigger (50) founded his first company in 2003 after a career as a business economist in the financial sector. Over the past decade and a half, the proactive entrepreneur has developed this into the <a class=\"_ps2id\" href=\"https:\/\/azemos.ch\/spitzensportlerkonzept\/\" data-ps2id-offset=\"\">azemos group<\/a>, which specialises in asset management, financial planning and real estate. The former FC Wil 1900 footballer took on responsibility in the club and the league early on. He led the club through many a turbulent phase and celebrated the surprising Cup victory in 2004. At the Swiss Football League, he was head of finance and a member of the committee for nine years. In the meantime, he has resigned from these sporting posts and concentrates fully on his business.<\/p>\n<p>Claudio Bertenghi was a passionate ice hockey player who played for the Lakers in Rapperswil. Today he runs the consulting firm <a class=\"_ps2id\" href=\"https:\/\/www.bertenghi.com\/\" data-ps2id-offset=\"\">Bertenghi &amp; Partner AG<\/a> in Zurich, which serves over 300 companies in the insurance sector. With the <a class=\"_ps2id\" href=\"https:\/\/www.pspaworld.com\/\" data-ps2id-offset=\"\">Pro Sports Protection Association<\/a>, he has created a proposal for professional athletes within his company, which is now also incorporated into sportlifeone.<\/p>\n<p>J\u00fcrg Altorfer was in the national squad of military pentathletes. The virtues required there also helped him to a career as a tax expert. At <a class=\"_ps2id\" href=\"https:\/\/www.adbtax.ch\/index.php\/de\/\" data-ps2id-offset=\"\">ADB Altorfer Duss &amp; Beilstein AG<\/a> he is one of five partners. J\u00fcrg has expanded his wealth of experience as a board member of various organisations. At sportlifeone he can also live out his passion for sport professionally.<\/p>\n<p>For Pascal Scheiwiller, sport is a hobby and a balance. His passions are sports planes and sailing boats. Born in eastern Switzerland, he has been CEO of <a class=\"_ps2id\" href=\"https:\/\/www.rundstedt.ch\/?lang=de\" data-ps2id-offset=\"\">von Rundstedt<\/a>, the Swiss market leader for newplacement and career counselling, for seven years. He and his team have excellent connections in the working world, which benefits sportlifeone members when they want to launch their second professional career.<\/p>\n<p>[\/vc_column_text][\/vc_column][\/vc_row]<\/p>\n<\/div>","protected":false},"excerpt":{"rendered":"<p>[vc_row][vc_column width=&#8221;1\/2&#8243;][vc_single_image image=&#8221;33778&#8243; img_size=&#8221;full&#8221;][\/vc_column][vc_column width=&#8221;1\/2&#8243;][vc_column_text]A four-member Board of Directors is responsible for the strategic management of sportlifeone AG. Roger Bigger&#8230;<\/p>\n","protected":false},"author":6,"featured_media":0,"parent":0,"menu_order":0,"comment_status":"closed","ping_status":"closed","template":"","meta":{"content-type":"","footnotes":""},"class_list":["post-34051","page","type-page","status-publish"],"yoast_head":"<!-- This site is optimized with the Yoast SEO plugin v27.4 - https:\/\/yoast.com\/product\/yoast-seo-wordpress\/ -->\n<title>The Board of Directors | sportlifeone<\/title>\n<meta name=\"description\" content=\"sportlifeone ist eine exklusive Schweizer Sport-Community, die sich von unabh\u00e4ngigen Experten in Themen wie Verm\u00f6gensanlagen, Versicherungen, Steuern, Marketing, Kommunikation, Mediencoaching und Karriereplanung mit individuellen L\u00f6sungen beraten und unterst\u00fctzen l\u00e4sst.\" \/>\n<meta name=\"robots\" content=\"index, follow, max-snippet:-1, max-image-preview:large, max-video-preview:-1\" \/>\n<link rel=\"canonical\" href=\"https:\/\/sportlifeone.ch\/en\/the-board-of-directors\/\" \/>\n<meta property=\"og:locale\" content=\"en_US\" \/>\n<meta property=\"og:type\" content=\"article\" \/>\n<meta property=\"og:title\" content=\"The Board of Directors | sportlifeone\" \/>\n<meta property=\"og:description\" content=\"sportlifeone ist eine exklusive Schweizer Sport-Community, die sich von unabh\u00e4ngigen Experten in Themen wie Verm\u00f6gensanlagen, Versicherungen, Steuern, Marketing, Kommunikation, Mediencoaching und Karriereplanung mit individuellen L\u00f6sungen beraten und unterst\u00fctzen l\u00e4sst.\" \/>\n<meta property=\"og:url\" content=\"https:\/\/sportlifeone.ch\/en\/the-board-of-directors\/\" \/>\n<meta property=\"og:site_name\" content=\"sportlifeone\" \/>\n<meta property=\"article:publisher\" content=\"https:\/\/www.facebook.com\/sportlifeone\" \/>\n<meta property=\"article:modified_time\" content=\"2024-06-28T12:48:13+00:00\" \/>\n<meta property=\"og:image\" content=\"https:\/\/sportlifeone.ch\/wp-content\/uploads\/2020\/04\/Titelbild_Social_Media.jpg\" \/>\n\t<meta property=\"og:image:width\" content=\"1756\" \/>\n\t<meta property=\"og:image:height\" content=\"1217\" \/>\n\t<meta property=\"og:image:type\" content=\"image\/jpeg\" \/>\n<meta name=\"twitter:card\" content=\"summary_large_image\" \/>\n<meta name=\"twitter:site\" content=\"@sportlifeone\" \/>\n<meta name=\"twitter:label1\" content=\"Est. reading time\" \/>\n\t<meta name=\"twitter:data1\" content=\"3 minutes\" \/>\n<script type=\"application\/ld+json\" class=\"yoast-schema-graph\">{\"@context\":\"https:\\\/\\\/schema.org\",\"@graph\":[{\"@type\":\"WebPage\",\"@id\":\"https:\\\/\\\/sportlifeone.ch\\\/en\\\/the-board-of-directors\\\/\",\"url\":\"https:\\\/\\\/sportlifeone.ch\\\/en\\\/the-board-of-directors\\\/\",\"name\":\"The Board of Directors | sportlifeone\",\"isPartOf\":{\"@id\":\"https:\\\/\\\/sportlifeone.ch\\\/en\\\/#website\"},\"datePublished\":\"2021-03-24T13:57:21+00:00\",\"dateModified\":\"2024-06-28T12:48:13+00:00\",\"description\":\"sportlifeone ist eine exklusive Schweizer Sport-Community, die sich von unabh\u00e4ngigen Experten in Themen wie Verm\u00f6gensanlagen, Versicherungen, Steuern, Marketing, Kommunikation, Mediencoaching und Karriereplanung mit individuellen L\u00f6sungen beraten und unterst\u00fctzen l\u00e4sst.\",\"breadcrumb\":{\"@id\":\"https:\\\/\\\/sportlifeone.ch\\\/en\\\/the-board-of-directors\\\/#breadcrumb\"},\"inLanguage\":\"en-US\",\"potentialAction\":[{\"@type\":\"ReadAction\",\"target\":[\"https:\\\/\\\/sportlifeone.ch\\\/en\\\/the-board-of-directors\\\/\"]}]},{\"@type\":\"BreadcrumbList\",\"@id\":\"https:\\\/\\\/sportlifeone.ch\\\/en\\\/the-board-of-directors\\\/#breadcrumb\",\"itemListElement\":[{\"@type\":\"ListItem\",\"position\":1,\"name\":\"Startseite\",\"item\":\"https:\\\/\\\/sportlifeone.ch\\\/en\\\/?lang=en\"},{\"@type\":\"ListItem\",\"position\":2,\"name\":\"The Board of Directors\"}]},{\"@type\":\"WebSite\",\"@id\":\"https:\\\/\\\/sportlifeone.ch\\\/en\\\/#website\",\"url\":\"https:\\\/\\\/sportlifeone.ch\\\/en\\\/\",\"name\":\"sportlifeone\",\"description\":\"Ihre Sicherheit w\u00e4hrend und nach der Karriere\",\"publisher\":{\"@id\":\"https:\\\/\\\/sportlifeone.ch\\\/en\\\/#organization\"},\"potentialAction\":[{\"@type\":\"SearchAction\",\"target\":{\"@type\":\"EntryPoint\",\"urlTemplate\":\"https:\\\/\\\/sportlifeone.ch\\\/en\\\/?s={search_term_string}\"},\"query-input\":{\"@type\":\"PropertyValueSpecification\",\"valueRequired\":true,\"valueName\":\"search_term_string\"}}],\"inLanguage\":\"en-US\"},{\"@type\":\"Organization\",\"@id\":\"https:\\\/\\\/sportlifeone.ch\\\/en\\\/#organization\",\"name\":\"sportlifeone\",\"url\":\"https:\\\/\\\/sportlifeone.ch\\\/en\\\/\",\"logo\":{\"@type\":\"ImageObject\",\"inLanguage\":\"en-US\",\"@id\":\"https:\\\/\\\/sportlifeone.ch\\\/en\\\/#\\\/schema\\\/logo\\\/image\\\/\",\"url\":\"https:\\\/\\\/sportlifeone.ch\\\/wp-content\\\/uploads\\\/2020\\\/04\\\/sportlifeone_Logo_Zeichenfl\u00e4che-1.jpg\",\"contentUrl\":\"https:\\\/\\\/sportlifeone.ch\\\/wp-content\\\/uploads\\\/2020\\\/04\\\/sportlifeone_Logo_Zeichenfl\u00e4che-1.jpg\",\"width\":834,\"height\":834,\"caption\":\"sportlifeone\"},\"image\":{\"@id\":\"https:\\\/\\\/sportlifeone.ch\\\/en\\\/#\\\/schema\\\/logo\\\/image\\\/\"},\"sameAs\":[\"https:\\\/\\\/www.facebook.com\\\/sportlifeone\",\"https:\\\/\\\/x.com\\\/sportlifeone\",\"https:\\\/\\\/www.instagram.com\\\/sportlifeone_ch\\\/\",\"https:\\\/\\\/www.linkedin.com\\\/company\\\/sportlifeone\\\/\",\"https:\\\/\\\/www.youtube.com\\\/channel\\\/UCA6jwmqd06s7ydz8VnjndlQ\\\/?guided_help_flow=5\"]}]}<\/script>\n<!-- \/ Yoast SEO plugin. -->","yoast_head_json":{"title":"The Board of Directors | sportlifeone","description":"sportlifeone ist eine exklusive Schweizer Sport-Community, die sich von unabh\u00e4ngigen Experten in Themen wie Verm\u00f6gensanlagen, Versicherungen, Steuern, Marketing, Kommunikation, Mediencoaching und Karriereplanung mit individuellen L\u00f6sungen beraten und unterst\u00fctzen l\u00e4sst.","robots":{"index":"index","follow":"follow","max-snippet":"max-snippet:-1","max-image-preview":"max-image-preview:large","max-video-preview":"max-video-preview:-1"},"canonical":"https:\/\/sportlifeone.ch\/en\/the-board-of-directors\/","og_locale":"en_US","og_type":"article","og_title":"The Board of Directors | sportlifeone","og_description":"sportlifeone ist eine exklusive Schweizer Sport-Community, die sich von unabh\u00e4ngigen Experten in Themen wie Verm\u00f6gensanlagen, Versicherungen, Steuern, Marketing, Kommunikation, Mediencoaching und Karriereplanung mit individuellen L\u00f6sungen beraten und unterst\u00fctzen l\u00e4sst.","og_url":"https:\/\/sportlifeone.ch\/en\/the-board-of-directors\/","og_site_name":"sportlifeone","article_publisher":"https:\/\/www.facebook.com\/sportlifeone","article_modified_time":"2024-06-28T12:48:13+00:00","og_image":[{"width":1756,"height":1217,"url":"https:\/\/sportlifeone.ch\/wp-content\/uploads\/2020\/04\/Titelbild_Social_Media.jpg","type":"image\/jpeg"}],"twitter_card":"summary_large_image","twitter_site":"@sportlifeone","twitter_misc":{"Est. reading time":"3 minutes"},"schema":{"@context":"https:\/\/schema.org","@graph":[{"@type":"WebPage","@id":"https:\/\/sportlifeone.ch\/en\/the-board-of-directors\/","url":"https:\/\/sportlifeone.ch\/en\/the-board-of-directors\/","name":"The Board of Directors | sportlifeone","isPartOf":{"@id":"https:\/\/sportlifeone.ch\/en\/#website"},"datePublished":"2021-03-24T13:57:21+00:00","dateModified":"2024-06-28T12:48:13+00:00","description":"sportlifeone ist eine exklusive Schweizer Sport-Community, die sich von unabh\u00e4ngigen Experten in Themen wie Verm\u00f6gensanlagen, Versicherungen, Steuern, Marketing, Kommunikation, Mediencoaching und Karriereplanung mit individuellen L\u00f6sungen beraten und unterst\u00fctzen l\u00e4sst.","breadcrumb":{"@id":"https:\/\/sportlifeone.ch\/en\/the-board-of-directors\/#breadcrumb"},"inLanguage":"en-US","potentialAction":[{"@type":"ReadAction","target":["https:\/\/sportlifeone.ch\/en\/the-board-of-directors\/"]}]},{"@type":"BreadcrumbList","@id":"https:\/\/sportlifeone.ch\/en\/the-board-of-directors\/#breadcrumb","itemListElement":[{"@type":"ListItem","position":1,"name":"Startseite","item":"https:\/\/sportlifeone.ch\/en\/?lang=en"},{"@type":"ListItem","position":2,"name":"The Board of Directors"}]},{"@type":"WebSite","@id":"https:\/\/sportlifeone.ch\/en\/#website","url":"https:\/\/sportlifeone.ch\/en\/","name":"sportlifeone","description":"Ihre Sicherheit w\u00e4hrend und nach der Karriere","publisher":{"@id":"https:\/\/sportlifeone.ch\/en\/#organization"},"potentialAction":[{"@type":"SearchAction","target":{"@type":"EntryPoint","urlTemplate":"https:\/\/sportlifeone.ch\/en\/?s={search_term_string}"},"query-input":{"@type":"PropertyValueSpecification","valueRequired":true,"valueName":"search_term_string"}}],"inLanguage":"en-US"},{"@type":"Organization","@id":"https:\/\/sportlifeone.ch\/en\/#organization","name":"sportlifeone","url":"https:\/\/sportlifeone.ch\/en\/","logo":{"@type":"ImageObject","inLanguage":"en-US","@id":"https:\/\/sportlifeone.ch\/en\/#\/schema\/logo\/image\/","url":"https:\/\/sportlifeone.ch\/wp-content\/uploads\/2020\/04\/sportlifeone_Logo_Zeichenfl\u00e4che-1.jpg","contentUrl":"https:\/\/sportlifeone.ch\/wp-content\/uploads\/2020\/04\/sportlifeone_Logo_Zeichenfl\u00e4che-1.jpg","width":834,"height":834,"caption":"sportlifeone"},"image":{"@id":"https:\/\/sportlifeone.ch\/en\/#\/schema\/logo\/image\/"},"sameAs":["https:\/\/www.facebook.com\/sportlifeone","https:\/\/x.com\/sportlifeone","https:\/\/www.instagram.com\/sportlifeone_ch\/","https:\/\/www.linkedin.com\/company\/sportlifeone\/","https:\/\/www.youtube.com\/channel\/UCA6jwmqd06s7ydz8VnjndlQ\/?guided_help_flow=5"]}]}},"_links":{"self":[{"href":"https:\/\/sportlifeone.ch\/en\/wp-json\/wp\/v2\/pages\/34051","targetHints":{"allow":["GET"]}}],"collection":[{"href":"https:\/\/sportlifeone.ch\/en\/wp-json\/wp\/v2\/pages"}],"about":[{"href":"https:\/\/sportlifeone.ch\/en\/wp-json\/wp\/v2\/types\/page"}],"author":[{"embeddable":true,"href":"https:\/\/sportlifeone.ch\/en\/wp-json\/wp\/v2\/users\/6"}],"replies":[{"embeddable":true,"href":"https:\/\/sportlifeone.ch\/en\/wp-json\/wp\/v2\/comments?post=34051"}],"version-history":[{"count":0,"href":"https:\/\/sportlifeone.ch\/en\/wp-json\/wp\/v2\/pages\/34051\/revisions"}],"wp:attachment":[{"href":"https:\/\/sportlifeone.ch\/en\/wp-json\/wp\/v2\/media?parent=34051"}],"curies":[{"name":"wp","href":"https:\/\/api.w.org\/{rel}","templated":true}]}}